{"id":2229,"date":"2021-12-13T05:24:19","date_gmt":"2021-12-13T05:24:19","guid":{"rendered":"https:\/\/yeahiptv.click\/iptv-wiederverkaeufer\/"},"modified":"2025-03-03T22:45:10","modified_gmt":"2025-03-03T22:45:10","slug":"iptv-wiederverkaeufer","status":"publish","type":"page","link":"https:\/\/www1.yeahiptv.click\/de\/iptv-wiederverkaeufer\/","title":{"rendered":"IPTV Wiederverk\u00e4ufer"},"content":{"rendered":"\n<div class=\"blockart-section blockart-section-1c9cf564\"><div class=\"blockart-container\"><div class=\"blockart-section-inner\">\n<div class=\"blockart-column blockart-column-ae60d79c\"><div class=\"blockart-column-inner\">\n<p style=\"font-size:25px\"><strong>Yeah IPTV Premium IPTV Reseller<\/strong><br\/>Lernen Sie auf einfache Weise, wie Sie Geld verdienen und Yeah IPTV Reseller werden k\u00f6nnen.<\/p>\n\n\n\n<figure class=\"blockart-image blockart-image-3825a26b\"><img loading=\"lazy\" decoding=\"async\" class=\"wp-image-1407 hover-effect-static filter-none mask mask-none\" src=\"https:\/\/ww1w.yeahiptv.click\/wp-content\/uploads\/2024\/08\/raining_money-1.jpg\" alt=\"\" height=\"683\" width=\"1024\" srcset=\"https:\/\/www1.yeahiptv.click\/wp-content\/uploads\/2024\/08\/raining_money-1.jpg 1024w, https:\/\/www1.yeahiptv.click\/wp-content\/uploads\/2024\/08\/raining_money-1-300x200.jpg 300w, https:\/\/www1.yeahiptv.click\/wp-content\/uploads\/2024\/08\/raining_money-1-768x512.jpg 768w\" sizes=\"auto, (max-width: 1024px) 100vw, 1024px\" \/><\/figure>\n\n\n\n<p><strong><br\/><\/strong>Wussten Sie, dass IPTV-Dienste weltweit \u00fcber 50 Millionen Nutzer haben?\nDas ist eine riesige Marktchance!\nGr\u00fcnden Sie noch heute Ihr eigenes IPTV-Gesch\u00e4ft und verdienen Sie m\u00f6glicherweise mehr als 10.000 \u20ac pro Monat.  <\/p>\n\n\n\n<p>Unser benutzerfreundliches IPTV-Panel macht es Ihnen leicht, Abonnements f\u00fcr Ihre Kunden zu erstellen und zu verwalten.\nAu\u00dferdem k\u00f6nnen Sie sogar Enigma-Skripte f\u00fcr IPTV-Boxen entwickeln, die diese Technologie nutzen. <\/p>\n\n\n\n<h2 class=\"wp-block-heading has-medium-font-size\"><strong>Die Arbeitsweise des Yeah IPTV-Panels<\/strong><\/h2>\n\n\n\n<p>Sie sollten Credits kaufen, um Ihr <strong>Yeah IPTV Reseller-Panel<\/strong> zu laden, wenn Sie unser Reseller werden.\nder Mindestbetrag ist \u20ac300 <\/p>\n\n\n\n<h2 class=\"wp-block-heading has-medium-font-size\"><strong>Beginnen Sie Geld zu verdienen<\/strong><\/h2>\n\n\n\n<p>Einfach!\nRegistrieren Sie sich jetzt als YeahIPTV <strong>Premium-IPTV-Reseller<\/strong> und werben Sie, wo Sie wollen <\/p>\n\n\n\n<h2 class=\"wp-block-heading has-medium-font-size\"><strong>Arbeiten mit Premium Yeah IPTV Reseller-Konto<\/strong><\/h2>\n\n\n\n<p>Das Reseller-Konto ist nicht zeitgebunden.\nDas bedeutet, dass Sie ein Premium YeahIPTV Reseller-Konto ohne Verfallsdatum kaufen.\nBitte beachten Sie, dass Ihre Credits das einzig Wichtige sind.\nSie k\u00f6nnen mit Ihrem Guthaben Konten f\u00fcr Ihre Nutzer erstellen.   <\/p>\n\n\n\n<h2 class=\"wp-block-heading has-medium-font-size\"><strong>Ihre eigene IPTV-Reseller-URL haben<\/strong><\/h2>\n\n\n\n<p>Sie k\u00f6nnen Ihren eigenen DNS und Ihr eigenes Branding erstellen und niemand wird bemerken, dass Sie Premium <strong>Yeah IPTV Reseller<\/strong> sind.<\/p>\n\n\n\n<h2 class=\"wp-block-heading has-medium-font-size\"><strong>YeahIPTV Wiederverk\u00e4ufer<\/strong><\/h2>\n\n\n\n<p>Das Yeah IPTV Reseller-Programm ist das beste Reseller-Programm der Welt. Wenn Sie ein Premium-Reseller-Paket abschlie\u00dfen, haben Sie vollen Zugang zu allen IPTV-Reseller-Programmen, Sie k\u00f6nnen Premium-IPTV-Pakete verkaufen und mehr als 10.000 Euro pro Monat verdienen, der Yeah IPTV-Support ist immer f\u00fcr Sie da, 24\/7<\/p>\n\n\n\n<h2 class=\"wp-block-heading has-medium-font-size\"><strong>IPTV-Wiederverk\u00e4ufer<\/strong><\/h2>\n\n\n\n<p>Ja, ein IPTV-Reseller-Konto ist eine langfristige Investition.\nEinmal gekauft, hat es kein Verfallsdatum.\nDer Schl\u00fcssel, um es aktiv zu halten, ist das Vorhalten ausreichender Credits.\nMit diesen Credits k\u00f6nnen Sie Konten f\u00fcr Ihre Kunden einrichten.\nDurch den Verkauf von Premium Yeah IPTV Reseller-Konten k\u00f6nnen Sie ein regelm\u00e4\u00dfiges Einkommen erzielen    <\/p>\n\n\n\n<h3 class=\"wp-block-heading\">Premium IPTV Wiederverk\u00e4ufer<\/h3>\n\n\n\n<p>Das <a href=\"https:\/\/yeahiptv.click\/de\/\" title=\"\">Premium Yeah IPTV<\/a> Reseller-Konto ist eine lukrative Gelegenheit f\u00fcr alle, die ein langfristiges, passives Einkommen suchen. Im Gegensatz zu vielen anderen Reseller-Programmen hat Ihr Yeah IPTV-Konto kein Verfallsdatum. Das bedeutet, dass Sie so lange an Ihrer Anfangsinvestition verdienen k\u00f6nnen, wie Sie m\u00f6chten.  <\/p>\n\n\n\n<p>Der Schl\u00fcssel zur Maximierung Ihrer Einnahmen liegt in der effektiven Verwaltung Ihrer Kontoguthaben.\nDiese Guthaben erm\u00f6glichen es Ihnen, neue Konten f\u00fcr Ihre Kunden zu erstellen.\nDurch den Verkauf von Premium Yeah IPTV-Abonnements k\u00f6nnen Sie ein best\u00e4ndiges Einkommen erzielen.  <\/p>\n\n\n\n<p>Unser Wiederverk\u00e4uferprogramm ist weithin als eines der besten in der Branche anerkannt.\nWir bieten eine umfassende Plattform, au\u00dfergew\u00f6hnlichen Support und wettbewerbsf\u00e4hige Preise, um Ihren Erfolg zu sichern.\nProfitieren Sie von den Vorteilen einer Partnerschaft mit Yeah IPTV und erleben Sie den besten verf\u00fcgbaren IPTV-Service.&#8220;  <\/p>\n\n\n\n<h6 class=\"wp-block-heading\"><strong>HINWEIS: JEDER WIEDERVERK\u00c4UFER, DER UNSERE ABONNEMENTS UNTER UNSEREN STANDARDPREISEN &#8211; DIE AUF UNSERER HOMEPAGE ANGEGEBEN SIND &#8211; VERKAUFT, WIRD SOFORT GESPERRT!<\/strong><\/h6>\n\n\n\n<p><\/p>\n\n\n\n<h2 class=\"wp-block-heading has-medium-font-size\"><strong>IPTV-Reseller-Pl\u00e4ne f\u00fcr jeden Bedarf<\/strong><\/h2>\n\n\n\n<p>Wenn Sie unser Reseller werden, kaufen Sie Credits, um Ihr Reseller-Panel aufzuladen.<br\/>Der Mindestbetrag betr\u00e4gt 300 \u20ac.\nERINNERN Sie sich: 1\u20ac = 1 Credit <\/p>\n\n\n\n<h3 class=\"wp-block-heading has-medium-font-size\"><strong>So funktioniert das Yeah IPTV Reseller-Konto<\/strong><\/h3>\n\n\n\n<p>Das Yeah IPTV Reseller-Konto arbeitet mit einem flexiblen Guthabensystem.\nIm Gegensatz zu abonnementbasierten Modellen, die ein Ablaufdatum haben, bleibt Ihr Reseller-Konto so lange aktiv, wie Sie \u00fcber gen\u00fcgend Guthaben verf\u00fcgen. <\/p>\n\n\n\n<p class=\"has-medium-font-size\"><strong>Verstehen Credits:<\/strong><\/p>\n\n\n\n<p>Betrachten Sie Credits als die W\u00e4hrung Ihres Kontos.\nJedes Guthaben entspricht einem bestimmten Wert, den Sie verwenden, um Konten f\u00fcr Ihre Kunden zu erstellen.\nF\u00fcr die Erstellung eines einmonatigen Abonnements ben\u00f6tigen Sie beispielsweise 7 Credits.  <\/p>\n\n\n\n<p class=\"has-medium-font-size\"><strong>Verkauf von Abonnements:<\/strong><\/p>\n\n\n\n<p>Solange Sie \u00fcber Guthaben verf\u00fcgen, k\u00f6nnen Sie weiterhin Yeah IPTV-Abonnements an Ihre Kunden verkaufen.\nDie Einnahmen, die Sie aus diesen Verk\u00e4ufen erzielen, d\u00fcrfen Sie behalten. <\/p>\n\n\n\n<p class=\"has-medium-font-size\"><strong>Credits verwalten:<\/strong><\/p>\n\n\n\n<p>Wenn Ihr Guthaben zur Neige geht, k\u00f6nnen Sie es ganz einfach wieder auff\u00fcllen, indem Sie zus\u00e4tzliche Credits kaufen.\nAuf diese Weise k\u00f6nnen Sie eine kontinuierliche Versorgung sicherstellen und Ihren Kunden einen ununterbrochenen Service bieten. <\/p>\n\n\n\n<p class=\"has-medium-font-size\"><strong>Zusammengefasst:<\/strong><\/p>\n\n\n\n<p>Das Yeah IPTV Reseller-Konto bietet ein unkompliziertes und nachhaltiges Gesch\u00e4ftsmodell.\nIndem Sie Ihr Guthaben effektiv verwalten, k\u00f6nnen Sie Abonnements erstellen und verkaufen und so ein laufendes Einkommen erzielen, ohne sich um den Verfall Ihres Kontos sorgen zu m\u00fcssen. <\/p>\n\n\n\n<h3 class=\"wp-block-heading has-medium-font-size\"><strong>KONTENKREDITKOSTEN F\u00dcR IPTV-WIEDERVERK\u00c4UFER ?<\/strong><\/h3>\n\n\n\n<p>Wochenkonto kostet 3 Credits<br\/>1-Monatskonto kostet 7 Credits<br\/>3-Monatskonto kostet 17 Credits<br\/>6-Monatskonto kostet 29 Credits<br\/>1-Jahreskonto kostet 55 Credits<\/p>\n<\/div><\/div>\n<\/div><\/div><\/div>\n\n<div class=\"blockart-section blockart-section-6fe4457f\"><div class=\"blockart-container\"><div class=\"blockart-section-inner\">\n<div class=\"blockart-column blockart-column-76be6c10\"><div class=\"blockart-column-inner\">\n<h4 class=\"blockart-heading blockart-heading-00516ffe\">Ja IPTV Premium-Preise und -Pl\u00e4ne<\/h4>\n\n\n\n<h2 class=\"blockart-heading blockart-heading-14bc8557\">W\u00e4hlen Sie den besten IPTV-Reseller-Plan<\/h2>\n\n\n\n<div class=\"alignwide blockart-section blockart-section-8018cf17 alignwide\"><div class=\"blockart-container\"><div class=\"blockart-section-inner\">\n<div class=\"blockart-column blockart-column-4874a8d8\"><div class=\"blockart-column-inner\">\n<h4 class=\"blockart-heading blockart-heading-28718899\">Basic IPTV Wiederverk\u00e4ufer<\/h4>\n\n\n\n<h6 class=\"blockart-heading blockart-heading-98a20f5e\">\u20ac300<\/h6>\n\n\n\n<ul class=\"wp-block-list has-normal-font-size\">\n<li>300 Kredite<\/li>\n\n\n\n<li>0% Extra<\/li>\n<\/ul>\n\n\n\n<div class=\"blockart-buttons blockart-buttons-63c86284 is-wrap is-horizontal justify-center align-center\">\n<div class=\"blockart-button blockart-button-5364e5cb \"><a class=\"blockart-button-link is-large is-style-filled\" href=\"https:\/\/my.yeahiptvs.com\/store\/iptv-reseller\/basic-iptv-reseller\">IPTV-Reseller kaufen<\/a><\/div>\n<\/div>\n<\/div><\/div>\n\n\n\n<div class=\"blockart-column blockart-column-e0b6f57d\"><div class=\"blockart-column-inner\">\n<h4 class=\"blockart-heading blockart-heading-c8ffaf49\">Platinium IPTV Wiederverk\u00e4ufer<\/h4>\n\n\n\n<h6 class=\"blockart-heading blockart-heading-b5b46d49\">\u20ac2000<\/h6>\n\n\n\n<ul class=\"wp-block-list has-white-color has-text-color has-normal-font-size\">\n<li>2600 Kredite<\/li>\n\n\n\n<li>30% Extra<\/li>\n<\/ul>\n\n\n\n<div class=\"blockart-buttons blockart-buttons-da8166fc is-wrap is-horizontal justify-center align-center\">\n<div class=\"blockart-button blockart-button-66212c4c \"><a class=\"blockart-button-link is-large is-style-filled\" href=\"https:\/\/my.yeahiptvs.com\/store\/iptv-reseller\/platinum-iptv-reseller\">IPTV-Reseller kaufen<\/a><\/div>\n<\/div>\n<\/div><\/div>\n\n\n\n<div class=\"blockart-column blockart-column-4fe0c3a6\"><div class=\"blockart-column-inner\">\n<h4 class=\"blockart-heading blockart-heading-5b4c0304\">Gold IPTV Wiederverk\u00e4ufer<\/h4>\n\n\n\n<h6 class=\"blockart-heading blockart-heading-6ec18253\">\u20ac1000<\/h6>\n\n\n\n<ul class=\"wp-block-list has-normal-font-size\">\n<li>1200 Kredite<\/li>\n\n\n\n<li>20% Extra<\/li>\n<\/ul>\n\n\n\n<div class=\"blockart-buttons blockart-buttons-8f1ad18f is-wrap is-horizontal justify-center align-center\">\n<div class=\"blockart-button blockart-button-35836e95 \"><a class=\"blockart-button-link is-large is-style-filled\" href=\"https:\/\/my.yeahiptvs.com\/store\/iptv-reseller\/gold-iptv-reseller\">IPTV-Reseller kaufen<\/a><\/div>\n<\/div>\n<\/div><\/div>\n<\/div><\/div><\/div>\n<\/div><\/div>\n<\/div><\/div><\/div>\n","protected":false},"excerpt":{"rendered":"","protected":false},"author":1,"featured_media":0,"parent":0,"menu_order":0,"comment_status":"closed","ping_status":"closed","template":"page-templates\/pagebuilder.php","meta":{"zakra_general_container_width":0,"zakra_general_content_width":0,"zakra_general_sidebar_width":0,"zakra_sticky_header":"customizer","zakra_header_main_area":true,"zakra_site_logo_width":0,"zakra_header_top_enabled":"customizer","zakra_header_top_style":"customizer","zakra_primary_menu_item_style":"customizer","zakra_page_header_text_color":"","zakra_page_header_layout":"customizer","zakra_page_title_bg":"","zakra_footer_widgets_bg_image":0,"zakra_page_title_bg_repeat":"customizer","zakra_page_title_bg_position":"customizer","zakra_page_title_bg_size":"customizer","zakra_page_title_bg_attachment":"customizer","zakra_breadcrumbs_enabled":"customizer","zakra_breadcrumbs_text_color":"","zakra_breadcrumbs_separator_color":"","zakra_breadcrumbs_link_color":"","zakra_breadcrumbs_link_hover_color":"","zakra_page_title_bg_image":0,"zakra_footer_widgets_enabled":"customizer","zakra_footer_column_layout_1_style":"customizer","zakra_footer_widgets_bg":"","zakra_footer_widgets_bg_repeat":"customizer","zakra_footer_widgets_bg_position":"customizer","zakra_footer_widgets_bg_size":"customizer","zakra_footer_widgets_bg_attachment":"customizer","zakra_footer_bar_enabled":"customizer","zakra_footer_bar_style":"customizer","zakra_page_container_layout":"customizer","zakra_page_sidebar_layout":"customizer","zakra_remove_content_margin":false,"zakra_sidebar":"customizer","zakra_transparent_header":"customizer","zakra_logo":0,"zakra_main_header_style":"default","zakra_menu_item_color":"","zakra_menu_item_hover_color":"","zakra_menu_item_active_color":"","zakra_menu_active_style":"","zakra_page_header":true,"om_disable_all_campaigns":false,"_monsterinsights_skip_tracking":false,"_monsterinsights_sitenote_active":false,"_monsterinsights_sitenote_note":"","_monsterinsights_sitenote_category":0,"footnotes":""},"class_list":["post-2229","page","type-page","status-publish","hentry"],"aioseo_notices":[],"aioseo_head":"\n\t\t<!-- All in One SEO Pro 4.9.6.2 - aioseo.com -->\n\t<meta name=\"description\" content=\"Einfacher Weg, Geld zu verdienen und ein Yeah IPTV-Reseller zu werden.riesige Marktchance! Starten Sie noch heute Ihr eigenes IPTV-Gesch\u00e4ft und verdienen Sie potenziell \u00fcber 10.000 \u20ac pro Monat.\" \/>\n\t<meta name=\"robots\" content=\"max-image-preview:large\" \/>\n\t<meta name=\"google-site-verification\" content=\"Y5Vp4qMoq3XCnv5XC77HxuNH2GgkGiPMLo9CI1PrsXY\" \/>\n\t<meta name=\"msvalidate.01\" content=\"0EB073394C3C109723DAF1A65B0F91C3\" \/>\n\t<meta name=\"yandex-verification\" content=\"95ff0eed4a90b98a\" \/>\n\t<link rel=\"canonical\" href=\"https:\/\/www1.yeahiptv.click\/de\/iptv-wiederverkaeufer\/\" \/>\n\t<meta name=\"generator\" content=\"All in One SEO Pro (AIOSEO) 4.9.6.2\" \/>\n\t\t<meta property=\"og:locale\" content=\"de_DE\" \/>\n\t\t<meta property=\"og:site_name\" content=\"Yeah IPTV - Best Premium IPTV Subscription\" \/>\n\t\t<meta property=\"og:type\" content=\"article\" \/>\n\t\t<meta property=\"og:title\" content=\"IPTV Wiederverk\u00e4ufer - Yeah IPTV Wiederverk\u00e4ufer-Programm\" \/>\n\t\t<meta property=\"og:description\" content=\"Einfacher Weg, Geld zu verdienen und ein Yeah IPTV-Reseller zu werden.riesige Marktchance! Starten Sie noch heute Ihr eigenes IPTV-Gesch\u00e4ft und verdienen Sie potenziell \u00fcber 10.000 \u20ac pro Monat.\" \/>\n\t\t<meta property=\"og:url\" content=\"https:\/\/www1.yeahiptv.click\/de\/iptv-wiederverkaeufer\/\" \/>\n\t\t<meta property=\"og:image\" content=\"https:\/\/ww1w.yeahiptv.click\/wp-content\/uploads\/2024\/12\/yeahiptv1-1.png\" \/>\n\t\t<meta property=\"og:image:secure_url\" content=\"https:\/\/ww1w.yeahiptv.click\/wp-content\/uploads\/2024\/12\/yeahiptv1-1.png\" \/>\n\t\t<meta property=\"article:published_time\" content=\"2021-12-13T05:24:19+00:00\" \/>\n\t\t<meta property=\"article:modified_time\" content=\"2025-03-03T22:45:10+00:00\" \/>\n\t\t<meta name=\"twitter:card\" content=\"summary_large_image\" \/>\n\t\t<meta name=\"twitter:title\" content=\"IPTV Wiederverk\u00e4ufer - Yeah IPTV Wiederverk\u00e4ufer-Programm\" \/>\n\t\t<meta name=\"twitter:description\" content=\"Einfacher Weg, Geld zu verdienen und ein Yeah IPTV-Reseller zu werden.riesige Marktchance! Starten Sie noch heute Ihr eigenes IPTV-Gesch\u00e4ft und verdienen Sie potenziell \u00fcber 10.000 \u20ac pro Monat.\" \/>\n\t\t<meta name=\"twitter:image\" content=\"https:\/\/ww1w.yeahiptv.click\/wp-content\/uploads\/2024\/12\/yeah-iptv.png\" \/>\n\t\t<script type=\"application\/ld+json\" class=\"aioseo-schema\">\n\t\t\t{\"@context\":\"https:\\\/\\\/schema.org\",\"@graph\":[{\"@type\":\"BreadcrumbList\",\"@id\":\"https:\\\/\\\/www1.yeahiptv.click\\\/de\\\/iptv-wiederverkaeufer\\\/#breadcrumblist\",\"itemListElement\":[{\"@type\":\"ListItem\",\"@id\":\"https:\\\/\\\/www1.yeahiptv.click\\\/de\\\/#listItem\",\"position\":1,\"name\":\"Home\",\"item\":\"https:\\\/\\\/www1.yeahiptv.click\\\/de\\\/\",\"nextItem\":{\"@type\":\"ListItem\",\"@id\":\"https:\\\/\\\/www1.yeahiptv.click\\\/de\\\/iptv-wiederverkaeufer\\\/#listItem\",\"name\":\"IPTV Wiederverk\\u00e4ufer\"}},{\"@type\":\"ListItem\",\"@id\":\"https:\\\/\\\/www1.yeahiptv.click\\\/de\\\/iptv-wiederverkaeufer\\\/#listItem\",\"position\":2,\"name\":\"IPTV Wiederverk\\u00e4ufer\",\"previousItem\":{\"@type\":\"ListItem\",\"@id\":\"https:\\\/\\\/www1.yeahiptv.click\\\/de\\\/#listItem\",\"name\":\"Home\"}}]},{\"@type\":\"Product\",\"@id\":\"https:\\\/\\\/www1.yeahiptv.click\\\/de\\\/iptv-wiederverkaeufer\\\/#product\",\"name\":\"IPTV Wiederverk\\u00e4ufer\",\"url\":\"https:\\\/\\\/www1.yeahiptv.click\\\/de\\\/iptv-wiederverkaeufer\\\/\"},{\"@type\":\"WebPage\",\"@id\":\"https:\\\/\\\/www1.yeahiptv.click\\\/de\\\/iptv-wiederverkaeufer\\\/#webpage\",\"url\":\"https:\\\/\\\/www1.yeahiptv.click\\\/de\\\/iptv-wiederverkaeufer\\\/\",\"name\":\"IPTV Wiederverk\\u00e4ufer - Yeah IPTV Wiederverk\\u00e4ufer-Programm\",\"description\":\"Einfacher Weg, Geld zu verdienen und ein Yeah IPTV-Reseller zu werden.riesige Marktchance! Starten Sie noch heute Ihr eigenes IPTV-Gesch\\u00e4ft und verdienen Sie potenziell \\u00fcber 10.000 \\u20ac pro Monat.\",\"inLanguage\":\"de-DE\",\"isPartOf\":{\"@id\":\"https:\\\/\\\/www1.yeahiptv.click\\\/de\\\/#website\"},\"breadcrumb\":{\"@id\":\"https:\\\/\\\/www1.yeahiptv.click\\\/de\\\/iptv-wiederverkaeufer\\\/#breadcrumblist\"},\"datePublished\":\"2021-12-13T05:24:19+00:00\",\"dateModified\":\"2025-03-03T22:45:10+00:00\"},{\"@type\":\"WebSite\",\"@id\":\"https:\\\/\\\/www1.yeahiptv.click\\\/de\\\/#website\",\"url\":\"https:\\\/\\\/www1.yeahiptv.click\\\/de\\\/\",\"name\":\"Best Premium IPTV Subscription\",\"description\":\"Best Premium IPTV Subscription\",\"inLanguage\":\"de-DE\",\"publisher\":{\"@id\":\"https:\\\/\\\/www1.yeahiptv.click\\\/de\\\/#person\"}}]}\n\t\t<\/script>\n\t\t<!-- All in One SEO Pro -->\r\n\t\t<title>IPTV Wiederverk\u00e4ufer - Yeah IPTV Wiederverk\u00e4ufer-Programm<\/title>\n\n","aioseo_head_json":{"title":"IPTV Wiederverk\u00e4ufer - Yeah IPTV Wiederverk\u00e4ufer-Programm","description":"Einfacher Weg, Geld zu verdienen und ein Yeah IPTV-Reseller zu werden.riesige Marktchance! Starten Sie noch heute Ihr eigenes IPTV-Gesch\u00e4ft und verdienen Sie potenziell \u00fcber 10.000 \u20ac pro Monat.","canonical_url":"https:\/\/www1.yeahiptv.click\/de\/iptv-wiederverkaeufer\/","robots":"max-image-preview:large","keywords":"","webmasterTools":{"google-site-verification":"Y5Vp4qMoq3XCnv5XC77HxuNH2GgkGiPMLo9CI1PrsXY","msvalidate.01":"0EB073394C3C109723DAF1A65B0F91C3","yandex-verification":"95ff0eed4a90b98a","miscellaneous":""},"schema":{"@context":"https:\/\/schema.org","@graph":[{"@type":"BreadcrumbList","@id":"https:\/\/www1.yeahiptv.click\/de\/iptv-wiederverkaeufer\/#breadcrumblist","itemListElement":[{"@type":"ListItem","@id":"https:\/\/www1.yeahiptv.click\/de\/#listItem","position":1,"name":"Home","item":"https:\/\/www1.yeahiptv.click\/de\/","nextItem":{"@type":"ListItem","@id":"https:\/\/www1.yeahiptv.click\/de\/iptv-wiederverkaeufer\/#listItem","name":"IPTV Wiederverk\u00e4ufer"}},{"@type":"ListItem","@id":"https:\/\/www1.yeahiptv.click\/de\/iptv-wiederverkaeufer\/#listItem","position":2,"name":"IPTV Wiederverk\u00e4ufer","previousItem":{"@type":"ListItem","@id":"https:\/\/www1.yeahiptv.click\/de\/#listItem","name":"Home"}}]},{"@type":"Product","@id":"https:\/\/www1.yeahiptv.click\/de\/iptv-wiederverkaeufer\/#product","name":"IPTV Wiederverk\u00e4ufer","url":"https:\/\/www1.yeahiptv.click\/de\/iptv-wiederverkaeufer\/"},{"@type":"WebPage","@id":"https:\/\/www1.yeahiptv.click\/de\/iptv-wiederverkaeufer\/#webpage","url":"https:\/\/www1.yeahiptv.click\/de\/iptv-wiederverkaeufer\/","name":"IPTV Wiederverk\u00e4ufer - Yeah IPTV Wiederverk\u00e4ufer-Programm","description":"Einfacher Weg, Geld zu verdienen und ein Yeah IPTV-Reseller zu werden.riesige Marktchance! Starten Sie noch heute Ihr eigenes IPTV-Gesch\u00e4ft und verdienen Sie potenziell \u00fcber 10.000 \u20ac pro Monat.","inLanguage":"de-DE","isPartOf":{"@id":"https:\/\/www1.yeahiptv.click\/de\/#website"},"breadcrumb":{"@id":"https:\/\/www1.yeahiptv.click\/de\/iptv-wiederverkaeufer\/#breadcrumblist"},"datePublished":"2021-12-13T05:24:19+00:00","dateModified":"2025-03-03T22:45:10+00:00"},{"@type":"WebSite","@id":"https:\/\/www1.yeahiptv.click\/de\/#website","url":"https:\/\/www1.yeahiptv.click\/de\/","name":"Best Premium IPTV Subscription","description":"Best Premium IPTV Subscription","inLanguage":"de-DE","publisher":{"@id":"https:\/\/www1.yeahiptv.click\/de\/#person"}}]},"og:locale":"de_DE","og:site_name":"Yeah IPTV - Best Premium IPTV Subscription","og:type":"article","og:title":"IPTV Wiederverk\u00e4ufer - Yeah IPTV Wiederverk\u00e4ufer-Programm","og:description":"Einfacher Weg, Geld zu verdienen und ein Yeah IPTV-Reseller zu werden.riesige Marktchance! Starten Sie noch heute Ihr eigenes IPTV-Gesch\u00e4ft und verdienen Sie potenziell \u00fcber 10.000 \u20ac pro Monat.","og:url":"https:\/\/www1.yeahiptv.click\/de\/iptv-wiederverkaeufer\/","og:image":"https:\/\/ww1w.yeahiptv.click\/wp-content\/uploads\/2024\/12\/yeahiptv1-1.png","og:image:secure_url":"https:\/\/ww1w.yeahiptv.click\/wp-content\/uploads\/2024\/12\/yeahiptv1-1.png","article:published_time":"2021-12-13T05:24:19+00:00","article:modified_time":"2025-03-03T22:45:10+00:00","twitter:card":"summary_large_image","twitter:title":"IPTV Wiederverk\u00e4ufer - Yeah IPTV Wiederverk\u00e4ufer-Programm","twitter:description":"Einfacher Weg, Geld zu verdienen und ein Yeah IPTV-Reseller zu werden.riesige Marktchance! Starten Sie noch heute Ihr eigenes IPTV-Gesch\u00e4ft und verdienen Sie potenziell \u00fcber 10.000 \u20ac pro Monat.","twitter:image":"https:\/\/ww1w.yeahiptv.click\/wp-content\/uploads\/2024\/12\/yeah-iptv.png"},"aioseo_meta_data":{"post_id":"2229","title":"#post_title #separator_sa #site_title Wiederverk\u00e4ufer-Programm","description":"Einfacher Weg, Geld zu verdienen und ein Yeah IPTV-Reseller zu werden.riesige Marktchance!\nStarten Sie noch heute Ihr eigenes IPTV-Gesch\u00e4ft und verdienen Sie potenziell \u00fcber 10.000 \u20ac pro Monat. ","keywords":null,"keyphrases":{"focus":{"keyphrase":"","score":0,"analysis":{"keyphraseInTitle":{"score":0,"maxScore":9,"error":1}}},"additional":[]},"primary_term":null,"canonical_url":null,"og_title":null,"og_description":null,"og_object_type":"default","og_image_type":"default","og_image_url":null,"og_image_width":null,"og_image_height":null,"og_image_custom_url":null,"og_image_custom_fields":null,"og_video":"","og_custom_url":null,"og_article_section":null,"og_article_tags":null,"twitter_use_og":false,"twitter_card":"default","twitter_image_type":"default","twitter_image_url":null,"twitter_image_custom_url":null,"twitter_image_custom_fields":null,"twitter_title":null,"twitter_description":null,"schema":{"blockGraphs":[],"customGraphs":[],"default":{"data":{"Article":[],"Course":[],"Dataset":[],"FAQPage":[],"Movie":[],"Person":[],"Product":[],"ProductReview":[],"Car":[],"Recipe":[],"Service":[],"SoftwareApplication":[],"WebPage":[]},"graphName":"WebPage","isEnabled":true},"graphs":[]},"schema_type":"default","schema_type_options":null,"pillar_content":false,"robots_default":true,"robots_noindex":false,"robots_noarchive":false,"robots_nosnippet":false,"robots_nofollow":false,"robots_noimageindex":false,"robots_noodp":false,"robots_notranslate":false,"robots_max_snippet":"-1","robots_max_videopreview":"-1","robots_max_imagepreview":"large","priority":null,"frequency":"default","local_seo":null,"seo_analyzer_scan_date":"2025-10-08 21:25:19","breadcrumb_settings":null,"limit_modified_date":false,"reviewed_by":null,"open_ai":"{\"title\":{\"suggestions\":[],\"usage\":0},\"description\":{\"suggestions\":[],\"usage\":0}}","ai":null,"created":"2024-09-17 12:23:34","updated":"2025-10-08 21:25:19"},"aioseo_breadcrumb":"<div class=\"aioseo-breadcrumbs\"><span class=\"aioseo-breadcrumb\">\n\t<a href=\"https:\/\/www1.yeahiptv.click\/de\/\" title=\"Home\">Home<\/a>\n<\/span><span class=\"aioseo-breadcrumb-separator\">&raquo;<\/span><span class=\"aioseo-breadcrumb\">\n\tIPTV Wiederverk\u00e4ufer\n<\/span><\/div>","aioseo_breadcrumb_json":[{"label":"Home","link":"https:\/\/www1.yeahiptv.click\/de\/"},{"label":"IPTV Wiederverk\u00e4ufer","link":"https:\/\/www1.yeahiptv.click\/de\/iptv-wiederverkaeufer\/"}],"_links":{"self":[{"href":"https:\/\/www1.yeahiptv.click\/de\/wp-json\/wp\/v2\/pages\/2229","targetHints":{"allow":["GET"]}}],"collection":[{"href":"https:\/\/www1.yeahiptv.click\/de\/wp-json\/wp\/v2\/pages"}],"about":[{"href":"https:\/\/www1.yeahiptv.click\/de\/wp-json\/wp\/v2\/types\/page"}],"author":[{"embeddable":true,"href":"https:\/\/www1.yeahiptv.click\/de\/wp-json\/wp\/v2\/users\/1"}],"replies":[{"embeddable":true,"href":"https:\/\/www1.yeahiptv.click\/de\/wp-json\/wp\/v2\/comments?post=2229"}],"version-history":[{"count":4,"href":"https:\/\/www1.yeahiptv.click\/de\/wp-json\/wp\/v2\/pages\/2229\/revisions"}],"predecessor-version":[{"id":5021,"href":"https:\/\/www1.yeahiptv.click\/de\/wp-json\/wp\/v2\/pages\/2229\/revisions\/5021"}],"wp:attachment":[{"href":"https:\/\/www1.yeahiptv.click\/de\/wp-json\/wp\/v2\/media?parent=2229"}],"curies":[{"name":"wp","href":"https:\/\/api.w.org\/{rel}","templated":true}]}}