{"id":2227,"date":"2021-12-13T05:24:19","date_gmt":"2021-12-13T05:24:19","guid":{"rendered":"https:\/\/yeahiptv.click\/distribuidor-iptv\/"},"modified":"2025-03-03T22:45:11","modified_gmt":"2025-03-03T22:45:11","slug":"distribuidor-iptv","status":"publish","type":"page","link":"https:\/\/www1.yeahiptv.click\/es\/distribuidor-iptv\/","title":{"rendered":"Distribuidor IPTV"},"content":{"rendered":"\n<div class=\"blockart-section blockart-section-1c9cf564\"><div class=\"blockart-container\"><div class=\"blockart-section-inner\">\n<div class=\"blockart-column blockart-column-ae60d79c\"><div class=\"blockart-column-inner\">\n<p style=\"font-size:25px\"><strong>S\u00ed IPTV Premium IPTV Revendedor<\/strong><br\/>Aprende de forma sencilla, c\u00f3mo ganar dinero y ser revendedor de S\u00ed IPTV<\/p>\n\n\n\n<figure class=\"blockart-image blockart-image-3825a26b\"><img loading=\"lazy\" decoding=\"async\" class=\"wp-image-1407 hover-effect-static filter-none mask mask-none\" src=\"https:\/\/ww1w.yeahiptv.click\/wp-content\/uploads\/2024\/08\/raining_money-1.jpg\" alt=\"\" height=\"683\" width=\"1024\" srcset=\"https:\/\/www1.yeahiptv.click\/wp-content\/uploads\/2024\/08\/raining_money-1.jpg 1024w, https:\/\/www1.yeahiptv.click\/wp-content\/uploads\/2024\/08\/raining_money-1-300x200.jpg 300w, https:\/\/www1.yeahiptv.click\/wp-content\/uploads\/2024\/08\/raining_money-1-768x512.jpg 768w\" sizes=\"auto, (max-width: 1024px) 100vw, 1024px\" \/><\/figure>\n\n\n\n<p><strong><br\/><\/strong>\u00bfSab\u00edas que los servicios de IPTV tienen m\u00e1s de 50 millones de usuarios en todo el mundo?\n\u00a1Es una enorme oportunidad de mercado!\nInicia hoy mismo tu propio negocio de IPTV y gana potencialmente m\u00e1s de 10.000 euros al mes.  <\/p>\n\n\n\n<p>Nuestro panel IPTV de f\u00e1cil uso facilita la creaci\u00f3n y gesti\u00f3n de suscripciones para tus clientes.\nAdem\u00e1s, incluso puedes desarrollar guiones enigma para los cuadros de IPTV que utilizan esta tecnolog\u00eda. <\/p>\n\n\n\n<h2 class=\"wp-block-heading has-medium-font-size\"><strong>La forma de trabajo del panel Yeah IPTV<\/strong><\/h2>\n\n\n\n<p>Debes comprar cr\u00e9ditos para cargar tu panel de <strong>revendedor Yeah IPTV<\/strong> cuando te conviertas en nuestro revendedor.\nLa cantidad m\u00ednima es de 300 <\/p>\n\n\n\n<h2 class=\"wp-block-heading has-medium-font-size\"><strong>Empieza a ganar dinero<\/strong><\/h2>\n\n\n\n<p>\u00a1F\u00e1cil!\nReg\u00edstrate ahora como revendedor <strong>IPTV premium<\/strong> de YeahIPTV y an\u00fanciate donde quieras <\/p>\n\n\n\n<h2 class=\"wp-block-heading has-medium-font-size\"><strong>Trabajar con una cuenta de revendedor IPTV Premium Yeah<\/strong><\/h2>\n\n\n\n<p>La cuenta de revendedor no depende del tiempo.\nSignifica que compras una cuenta de revendedor Premium YeahIPTV sin fecha de caducidad.\nTen en cuenta que tus cr\u00e9ditos son lo \u00fanico importante.\nPuedes crear cuentas para tus usuarios con tus cr\u00e9ditos.   <\/p>\n\n\n\n<h2 class=\"wp-block-heading has-medium-font-size\"><strong>Tener tu propia URL de Revendedor IPTV<\/strong><\/h2>\n\n\n\n<p>Puedes crear tus propios DNS y Marca y nadie se dar\u00e1 cuenta de que eres <strong>revendedor de IPTV<\/strong> Premium <strong>Yeah<\/strong>.<\/p>\n\n\n\n<h2 class=\"wp-block-heading has-medium-font-size\"><strong>S\u00edIPTV Revendedor<\/strong><\/h2>\n\n\n\n<p>El programa de revendedores Yeah IPTV es el mejor programa de revendedores del mundo, cuando adquieres un paquete de revendedores premium puedes disfrutar de acceso completo a todo el programa de revendedores IPTV, puedes vender paquetes IPTV premium y ganar m\u00e1s de 10.000 euros al mes, el soporte de Yeah IPTV estar\u00e1 siempre contigo las 24 horas del d\u00eda, los 7 d\u00edas de la semana.<\/p>\n\n\n\n<h2 class=\"wp-block-heading has-medium-font-size\"><strong>Distribuidor de IPTV<\/strong><\/h2>\n\n\n\n<p>S\u00ed La cuenta de Revendedor IPTV es una inversi\u00f3n a largo plazo.\nUna vez adquirida, no tiene fecha de caducidad.\nLa clave para mantenerla activa es mantener suficientes cr\u00e9ditos.\nEstos cr\u00e9ditos te permiten crear cuentas para tus clientes.\nVendiendo cuentas premium de revendedor Yeah IPTV, puedes generar unos ingresos constantes    <\/p>\n\n\n\n<h3 class=\"wp-block-heading\">Distribuidor IPTV Premium<\/h3>\n\n\n\n<p>La cuenta de Revendedor <a href=\"https:\/\/yeahiptv.click\/es\/\" title=\"\">Premium Yeah IPTV<\/a> es una oportunidad lucrativa para quienes buscan un flujo de ingresos pasivos a largo plazo. A diferencia de muchos otros programas de revendedor, tu cuenta Yeah IPTV no tiene fecha de caducidad. Esto significa que puedes seguir ganando con tu inversi\u00f3n inicial todo el tiempo que desees.  <\/p>\n\n\n\n<p>La clave para maximizar tus ganancias reside en gestionar eficazmente los cr\u00e9ditos de tus cuentas.\nEstos cr\u00e9ditos te permiten crear nuevas cuentas para tus clientes.\nVendiendo suscripciones Premium Yeah IPTV, puedes generar unos ingresos constantes.  <\/p>\n\n\n\n<p>Nuestro programa de distribuidores est\u00e1 ampliamente reconocido como uno de los mejores del sector.\nOfrecemos una plataforma completa, un soporte excepcional y precios competitivos para garantizar tu \u00e9xito.\nDisfruta de las ventajas de asociarte con Yeah IPTV y experimenta el mejor servicio de IPTV disponible\u00bb.  <\/p>\n\n\n\n<h6 class=\"wp-block-heading\"><strong>NOTA: \u00a1CUALQUIER REVENDEDOR QUE VENDA NUESTRAS SUSCRIPCIONES POR DEBAJO DE NUESTROS PRECIOS EST\u00c1NDAR -QUE SE MUESTRAN EN NUESTRA P\u00c1GINA DE INICIO- SER\u00c1 EXPULSADO INMEDIATAMENTE!<\/strong><\/h6>\n\n\n\n<p><\/p>\n\n\n\n<h2 class=\"wp-block-heading has-medium-font-size\"><strong>Planes de revendedor de IPTV para cada necesidad<\/strong><\/h2>\n\n\n\n<p>Cuando te conviertas en nuestro revendedor, comprar\u00e1s cr\u00e9ditos para cargar tu panel de revendedor.<br\/>El importe m\u00ednimo es de 300 euros.\nRECUERDA: 1\u20ac = 1 Cr\u00e9dito <\/p>\n\n\n\n<h3 class=\"wp-block-heading has-medium-font-size\"><strong>C\u00f3mo funciona la cuenta de revendedor Yeah IPTV<\/strong><\/h3>\n\n\n\n<p>La cuenta de revendedor Yeah IPTV funciona con un sistema flexible basado en cr\u00e9ditos.\nA diferencia de los modelos basados en suscripci\u00f3n que tienen fecha de caducidad, tu cuenta de revendedor permanece activa mientras mantengas suficientes cr\u00e9ditos. <\/p>\n\n\n\n<p class=\"has-medium-font-size\"><strong>Comprensi\u00f3n de los cr\u00e9ditos:<\/strong><\/p>\n\n\n\n<p>Piensa en los cr\u00e9ditos como la moneda de tu cuenta.\nCada cr\u00e9dito corresponde a un valor espec\u00edfico, que utilizas para crear cuentas para tus clientes.\nPor ejemplo, crear una suscripci\u00f3n de un mes puede requerir 7 cr\u00e9ditos.  <\/p>\n\n\n\n<p class=\"has-medium-font-size\"><strong>Vender suscripciones:<\/strong><\/p>\n\n\n\n<p>Mientras tengas cr\u00e9ditos disponibles, puedes seguir vendiendo suscripciones a Yeah IPTV a tus clientes.\nLos ingresos que obtengas de estas ventas son tuyos. <\/p>\n\n\n\n<p class=\"has-medium-font-size\"><strong>Gesti\u00f3n de cr\u00e9ditos:<\/strong><\/p>\n\n\n\n<p>Si tu saldo de cr\u00e9ditos es bajo, puedes reponerlo f\u00e1cilmente comprando cr\u00e9ditos adicionales.\nEsto te permite mantener un suministro constante y garantizar un servicio ininterrumpido a tus clientes. <\/p>\n\n\n\n<p class=\"has-medium-font-size\"><strong>En resumen:<\/strong><\/p>\n\n\n\n<p>La cuenta de Revendedor Yeah IPTV ofrece un modelo de negocio sencillo y sostenible.\nGestionando eficazmente tus cr\u00e9ditos, puedes crear y vender suscripciones, generando ingresos continuos sin preocuparte de que la cuenta caduque. <\/p>\n\n\n\n<h3 class=\"wp-block-heading has-medium-font-size\"><strong>COSTES DE CR\u00c9DITO DE CUENTAS PARA REVENDEDORES DE IPTV ?<\/strong><\/h3>\n\n\n\n<p>La cuenta semanal cuesta 3 cr\u00e9ditos<br\/>La cuenta mensual cuesta 7 cr\u00e9ditos<br\/>La cuenta trimestral cuesta 17 cr\u00e9ditos<br\/>La cuenta semestral cuesta 29 cr\u00e9ditos<br\/>La cuenta anual cuesta 55 cr\u00e9ditos<\/p>\n<\/div><\/div>\n<\/div><\/div><\/div>\n\n<div class=\"blockart-section blockart-section-6fe4457f\"><div class=\"blockart-container\"><div class=\"blockart-section-inner\">\n<div class=\"blockart-column blockart-column-76be6c10\"><div class=\"blockart-column-inner\">\n<h4 class=\"blockart-heading blockart-heading-00516ffe\">S\u00ed IPTV Precios y planes Premium<\/h4>\n\n\n\n<h2 class=\"blockart-heading blockart-heading-14bc8557\">Elige el mejor plan de revendedor IPTV<\/h2>\n\n\n\n<div class=\"alignwide blockart-section blockart-section-8018cf17 alignwide\"><div class=\"blockart-container\"><div class=\"blockart-section-inner\">\n<div class=\"blockart-column blockart-column-4874a8d8\"><div class=\"blockart-column-inner\">\n<h4 class=\"blockart-heading blockart-heading-28718899\">Distribuidor IPTV B\u00e1sico<\/h4>\n\n\n\n<h6 class=\"blockart-heading blockart-heading-98a20f5e\">\u20ac300<\/h6>\n\n\n\n<ul class=\"wp-block-list has-normal-font-size\">\n<li>300 cr\u00e9ditos<\/li>\n\n\n\n<li>0% Extra<\/li>\n<\/ul>\n\n\n\n<div class=\"blockart-buttons blockart-buttons-63c86284 is-wrap is-horizontal justify-center align-center\">\n<div class=\"blockart-button blockart-button-5364e5cb \"><a class=\"blockart-button-link is-large is-style-filled\" href=\"https:\/\/my.yeahiptvs.com\/store\/iptv-reseller\/basic-iptv-reseller\">Comprar Distribuidor IPTV<\/a><\/div>\n<\/div>\n<\/div><\/div>\n\n\n\n<div class=\"blockart-column blockart-column-e0b6f57d\"><div class=\"blockart-column-inner\">\n<h4 class=\"blockart-heading blockart-heading-c8ffaf49\">Distribuidor IPTV Platinium<\/h4>\n\n\n\n<h6 class=\"blockart-heading blockart-heading-b5b46d49\">\u20ac2000<\/h6>\n\n\n\n<ul class=\"wp-block-list has-white-color has-text-color has-normal-font-size\">\n<li>2600 Cr\u00e9ditos<\/li>\n\n\n\n<li>30% m\u00e1s<\/li>\n<\/ul>\n\n\n\n<div class=\"blockart-buttons blockart-buttons-da8166fc is-wrap is-horizontal justify-center align-center\">\n<div class=\"blockart-button blockart-button-66212c4c \"><a class=\"blockart-button-link is-large is-style-filled\" href=\"https:\/\/my.yeahiptvs.com\/store\/iptv-reseller\/platinum-iptv-reseller\">Comprar Distribuidor IPTV<\/a><\/div>\n<\/div>\n<\/div><\/div>\n\n\n\n<div class=\"blockart-column blockart-column-4fe0c3a6\"><div class=\"blockart-column-inner\">\n<h4 class=\"blockart-heading blockart-heading-5b4c0304\">Distribuidor IPTV Oro<\/h4>\n\n\n\n<h6 class=\"blockart-heading blockart-heading-6ec18253\">\u20ac1000<\/h6>\n\n\n\n<ul class=\"wp-block-list has-normal-font-size\">\n<li>1200 Cr\u00e9ditos<\/li>\n\n\n\n<li>20% m\u00e1s<\/li>\n<\/ul>\n\n\n\n<div class=\"blockart-buttons blockart-buttons-8f1ad18f is-wrap is-horizontal justify-center align-center\">\n<div class=\"blockart-button blockart-button-35836e95 \"><a class=\"blockart-button-link is-large is-style-filled\" href=\"https:\/\/my.yeahiptvs.com\/store\/iptv-reseller\/gold-iptv-reseller\">Comprar Distribuidor IPTV<\/a><\/div>\n<\/div>\n<\/div><\/div>\n<\/div><\/div><\/div>\n<\/div><\/div>\n<\/div><\/div><\/div>\n","protected":false},"excerpt":{"rendered":"","protected":false},"author":1,"featured_media":0,"parent":0,"menu_order":0,"comment_status":"closed","ping_status":"closed","template":"page-templates\/pagebuilder.php","meta":{"zakra_general_container_width":0,"zakra_general_content_width":0,"zakra_general_sidebar_width":0,"zakra_sticky_header":"customizer","zakra_header_main_area":true,"zakra_site_logo_width":0,"zakra_header_top_enabled":"customizer","zakra_header_top_style":"customizer","zakra_primary_menu_item_style":"customizer","zakra_page_header_text_color":"","zakra_page_header_layout":"customizer","zakra_page_title_bg":"","zakra_footer_widgets_bg_image":0,"zakra_page_title_bg_repeat":"customizer","zakra_page_title_bg_position":"customizer","zakra_page_title_bg_size":"customizer","zakra_page_title_bg_attachment":"customizer","zakra_breadcrumbs_enabled":"customizer","zakra_breadcrumbs_text_color":"","zakra_breadcrumbs_separator_color":"","zakra_breadcrumbs_link_color":"","zakra_breadcrumbs_link_hover_color":"","zakra_page_title_bg_image":0,"zakra_footer_widgets_enabled":"customizer","zakra_footer_column_layout_1_style":"customizer","zakra_footer_widgets_bg":"","zakra_footer_widgets_bg_repeat":"customizer","zakra_footer_widgets_bg_position":"customizer","zakra_footer_widgets_bg_size":"customizer","zakra_footer_widgets_bg_attachment":"customizer","zakra_footer_bar_enabled":"customizer","zakra_footer_bar_style":"customizer","zakra_page_container_layout":"customizer","zakra_page_sidebar_layout":"customizer","zakra_remove_content_margin":false,"zakra_sidebar":"customizer","zakra_transparent_header":"customizer","zakra_logo":0,"zakra_main_header_style":"default","zakra_menu_item_color":"","zakra_menu_item_hover_color":"","zakra_menu_item_active_color":"","zakra_menu_active_style":"","zakra_page_header":true,"om_disable_all_campaigns":false,"_monsterinsights_skip_tracking":false,"_monsterinsights_sitenote_active":false,"_monsterinsights_sitenote_note":"","_monsterinsights_sitenote_category":0,"footnotes":""},"class_list":["post-2227","page","type-page","status-publish","hentry"],"aioseo_notices":[],"aioseo_head":"\n\t\t<!-- All in One SEO Pro 4.9.6.2 - aioseo.com -->\n\t<meta name=\"description\" content=\"Una forma sencilla de ganar dinero y ser un revendedor de IPTV Yeah.\u00a1Una enorme oportunidad de mercado! Inicia hoy mismo tu propio negocio de IPTV y gana potencialmente m\u00e1s de 10.000 euros al mes.\" \/>\n\t<meta name=\"robots\" content=\"max-image-preview:large\" \/>\n\t<meta name=\"google-site-verification\" content=\"Y5Vp4qMoq3XCnv5XC77HxuNH2GgkGiPMLo9CI1PrsXY\" \/>\n\t<meta name=\"msvalidate.01\" content=\"0EB073394C3C109723DAF1A65B0F91C3\" \/>\n\t<meta name=\"yandex-verification\" content=\"95ff0eed4a90b98a\" \/>\n\t<link rel=\"canonical\" href=\"https:\/\/www1.yeahiptv.click\/es\/distribuidor-iptv\/\" \/>\n\t<meta name=\"generator\" content=\"All in One SEO Pro (AIOSEO) 4.9.6.2\" \/>\n\t\t<meta property=\"og:locale\" content=\"es_ES\" \/>\n\t\t<meta property=\"og:site_name\" content=\"Yeah IPTV - Best Premium IPTV Subscription\" \/>\n\t\t<meta property=\"og:type\" content=\"article\" \/>\n\t\t<meta property=\"og:title\" content=\"Distribuidor IPTV - Yeah IPTV Programa de Revendedores\" \/>\n\t\t<meta property=\"og:description\" content=\"Una forma sencilla de ganar dinero y ser un revendedor de IPTV Yeah.\u00a1Una enorme oportunidad de mercado! Inicia hoy mismo tu propio negocio de IPTV y gana potencialmente m\u00e1s de 10.000 euros al mes.\" \/>\n\t\t<meta property=\"og:url\" content=\"https:\/\/www1.yeahiptv.click\/es\/distribuidor-iptv\/\" \/>\n\t\t<meta property=\"og:image\" content=\"https:\/\/ww1w.yeahiptv.click\/wp-content\/uploads\/2024\/12\/yeahiptv1-1.png\" \/>\n\t\t<meta property=\"og:image:secure_url\" content=\"https:\/\/ww1w.yeahiptv.click\/wp-content\/uploads\/2024\/12\/yeahiptv1-1.png\" \/>\n\t\t<meta property=\"article:published_time\" content=\"2021-12-13T05:24:19+00:00\" \/>\n\t\t<meta property=\"article:modified_time\" content=\"2025-03-03T22:45:11+00:00\" \/>\n\t\t<meta name=\"twitter:card\" content=\"summary_large_image\" \/>\n\t\t<meta name=\"twitter:title\" content=\"Distribuidor IPTV - Yeah IPTV Programa de Revendedores\" \/>\n\t\t<meta name=\"twitter:description\" content=\"Una forma sencilla de ganar dinero y ser un revendedor de IPTV Yeah.\u00a1Una enorme oportunidad de mercado! Inicia hoy mismo tu propio negocio de IPTV y gana potencialmente m\u00e1s de 10.000 euros al mes.\" \/>\n\t\t<meta name=\"twitter:image\" content=\"https:\/\/ww1w.yeahiptv.click\/wp-content\/uploads\/2024\/12\/yeah-iptv.png\" \/>\n\t\t<script type=\"application\/ld+json\" class=\"aioseo-schema\">\n\t\t\t{\"@context\":\"https:\\\/\\\/schema.org\",\"@graph\":[{\"@type\":\"BreadcrumbList\",\"@id\":\"https:\\\/\\\/www1.yeahiptv.click\\\/es\\\/distribuidor-iptv\\\/#breadcrumblist\",\"itemListElement\":[{\"@type\":\"ListItem\",\"@id\":\"https:\\\/\\\/www1.yeahiptv.click\\\/es\\\/#listItem\",\"position\":1,\"name\":\"Home\",\"item\":\"https:\\\/\\\/www1.yeahiptv.click\\\/es\\\/\",\"nextItem\":{\"@type\":\"ListItem\",\"@id\":\"https:\\\/\\\/www1.yeahiptv.click\\\/es\\\/distribuidor-iptv\\\/#listItem\",\"name\":\"Distribuidor IPTV\"}},{\"@type\":\"ListItem\",\"@id\":\"https:\\\/\\\/www1.yeahiptv.click\\\/es\\\/distribuidor-iptv\\\/#listItem\",\"position\":2,\"name\":\"Distribuidor IPTV\",\"previousItem\":{\"@type\":\"ListItem\",\"@id\":\"https:\\\/\\\/www1.yeahiptv.click\\\/es\\\/#listItem\",\"name\":\"Home\"}}]},{\"@type\":\"Product\",\"@id\":\"https:\\\/\\\/www1.yeahiptv.click\\\/es\\\/distribuidor-iptv\\\/#product\",\"name\":\"Distribuidor IPTV\",\"url\":\"https:\\\/\\\/www1.yeahiptv.click\\\/es\\\/distribuidor-iptv\\\/\"},{\"@type\":\"WebPage\",\"@id\":\"https:\\\/\\\/www1.yeahiptv.click\\\/es\\\/distribuidor-iptv\\\/#webpage\",\"url\":\"https:\\\/\\\/www1.yeahiptv.click\\\/es\\\/distribuidor-iptv\\\/\",\"name\":\"Distribuidor IPTV - Yeah IPTV Programa de Revendedores\",\"description\":\"Una forma sencilla de ganar dinero y ser un revendedor de IPTV Yeah.\\u00a1Una enorme oportunidad de mercado! Inicia hoy mismo tu propio negocio de IPTV y gana potencialmente m\\u00e1s de 10.000 euros al mes.\",\"inLanguage\":\"es-ES\",\"isPartOf\":{\"@id\":\"https:\\\/\\\/www1.yeahiptv.click\\\/es\\\/#website\"},\"breadcrumb\":{\"@id\":\"https:\\\/\\\/www1.yeahiptv.click\\\/es\\\/distribuidor-iptv\\\/#breadcrumblist\"},\"datePublished\":\"2021-12-13T05:24:19+00:00\",\"dateModified\":\"2025-03-03T22:45:11+00:00\"},{\"@type\":\"WebSite\",\"@id\":\"https:\\\/\\\/www1.yeahiptv.click\\\/es\\\/#website\",\"url\":\"https:\\\/\\\/www1.yeahiptv.click\\\/es\\\/\",\"name\":\"Best Premium IPTV Subscription\",\"description\":\"Best Premium IPTV Subscription\",\"inLanguage\":\"es-ES\",\"publisher\":{\"@id\":\"https:\\\/\\\/www1.yeahiptv.click\\\/es\\\/#person\"}}]}\n\t\t<\/script>\n\t\t<!-- All in One SEO Pro -->\r\n\t\t<title>Distribuidor IPTV - Yeah IPTV Programa de Revendedores<\/title>\n\n","aioseo_head_json":{"title":"Distribuidor IPTV - Yeah IPTV Programa de Revendedores","description":"Una forma sencilla de ganar dinero y ser un revendedor de IPTV Yeah.\u00a1Una enorme oportunidad de mercado! Inicia hoy mismo tu propio negocio de IPTV y gana potencialmente m\u00e1s de 10.000 euros al mes.","canonical_url":"https:\/\/www1.yeahiptv.click\/es\/distribuidor-iptv\/","robots":"max-image-preview:large","keywords":"","webmasterTools":{"google-site-verification":"Y5Vp4qMoq3XCnv5XC77HxuNH2GgkGiPMLo9CI1PrsXY","msvalidate.01":"0EB073394C3C109723DAF1A65B0F91C3","yandex-verification":"95ff0eed4a90b98a","miscellaneous":""},"schema":{"@context":"https:\/\/schema.org","@graph":[{"@type":"BreadcrumbList","@id":"https:\/\/www1.yeahiptv.click\/es\/distribuidor-iptv\/#breadcrumblist","itemListElement":[{"@type":"ListItem","@id":"https:\/\/www1.yeahiptv.click\/es\/#listItem","position":1,"name":"Home","item":"https:\/\/www1.yeahiptv.click\/es\/","nextItem":{"@type":"ListItem","@id":"https:\/\/www1.yeahiptv.click\/es\/distribuidor-iptv\/#listItem","name":"Distribuidor IPTV"}},{"@type":"ListItem","@id":"https:\/\/www1.yeahiptv.click\/es\/distribuidor-iptv\/#listItem","position":2,"name":"Distribuidor IPTV","previousItem":{"@type":"ListItem","@id":"https:\/\/www1.yeahiptv.click\/es\/#listItem","name":"Home"}}]},{"@type":"Product","@id":"https:\/\/www1.yeahiptv.click\/es\/distribuidor-iptv\/#product","name":"Distribuidor IPTV","url":"https:\/\/www1.yeahiptv.click\/es\/distribuidor-iptv\/"},{"@type":"WebPage","@id":"https:\/\/www1.yeahiptv.click\/es\/distribuidor-iptv\/#webpage","url":"https:\/\/www1.yeahiptv.click\/es\/distribuidor-iptv\/","name":"Distribuidor IPTV - Yeah IPTV Programa de Revendedores","description":"Una forma sencilla de ganar dinero y ser un revendedor de IPTV Yeah.\u00a1Una enorme oportunidad de mercado! Inicia hoy mismo tu propio negocio de IPTV y gana potencialmente m\u00e1s de 10.000 euros al mes.","inLanguage":"es-ES","isPartOf":{"@id":"https:\/\/www1.yeahiptv.click\/es\/#website"},"breadcrumb":{"@id":"https:\/\/www1.yeahiptv.click\/es\/distribuidor-iptv\/#breadcrumblist"},"datePublished":"2021-12-13T05:24:19+00:00","dateModified":"2025-03-03T22:45:11+00:00"},{"@type":"WebSite","@id":"https:\/\/www1.yeahiptv.click\/es\/#website","url":"https:\/\/www1.yeahiptv.click\/es\/","name":"Best Premium IPTV Subscription","description":"Best Premium IPTV Subscription","inLanguage":"es-ES","publisher":{"@id":"https:\/\/www1.yeahiptv.click\/es\/#person"}}]},"og:locale":"es_ES","og:site_name":"Yeah IPTV - Best Premium IPTV Subscription","og:type":"article","og:title":"Distribuidor IPTV - Yeah IPTV Programa de Revendedores","og:description":"Una forma sencilla de ganar dinero y ser un revendedor de IPTV Yeah.\u00a1Una enorme oportunidad de mercado! Inicia hoy mismo tu propio negocio de IPTV y gana potencialmente m\u00e1s de 10.000 euros al mes.","og:url":"https:\/\/www1.yeahiptv.click\/es\/distribuidor-iptv\/","og:image":"https:\/\/ww1w.yeahiptv.click\/wp-content\/uploads\/2024\/12\/yeahiptv1-1.png","og:image:secure_url":"https:\/\/ww1w.yeahiptv.click\/wp-content\/uploads\/2024\/12\/yeahiptv1-1.png","article:published_time":"2021-12-13T05:24:19+00:00","article:modified_time":"2025-03-03T22:45:11+00:00","twitter:card":"summary_large_image","twitter:title":"Distribuidor IPTV - Yeah IPTV Programa de Revendedores","twitter:description":"Una forma sencilla de ganar dinero y ser un revendedor de IPTV Yeah.\u00a1Una enorme oportunidad de mercado! Inicia hoy mismo tu propio negocio de IPTV y gana potencialmente m\u00e1s de 10.000 euros al mes.","twitter:image":"https:\/\/ww1w.yeahiptv.click\/wp-content\/uploads\/2024\/12\/yeah-iptv.png"},"aioseo_meta_data":{"post_id":"2227","title":"#post_title #separator_sa #site_title Programa de Revendedores","description":"Una forma sencilla de ganar dinero y ser un revendedor de IPTV Yeah.\u00a1Una enorme oportunidad de mercado!\nInicia hoy mismo tu propio negocio de IPTV y gana potencialmente m\u00e1s de 10.000 euros al mes. ","keywords":null,"keyphrases":{"focus":{"keyphrase":"","score":0,"analysis":{"keyphraseInTitle":{"score":0,"maxScore":9,"error":1}}},"additional":[]},"primary_term":null,"canonical_url":null,"og_title":null,"og_description":null,"og_object_type":"default","og_image_type":"default","og_image_url":null,"og_image_width":null,"og_image_height":null,"og_image_custom_url":null,"og_image_custom_fields":null,"og_video":"","og_custom_url":null,"og_article_section":null,"og_article_tags":null,"twitter_use_og":false,"twitter_card":"default","twitter_image_type":"default","twitter_image_url":null,"twitter_image_custom_url":null,"twitter_image_custom_fields":null,"twitter_title":null,"twitter_description":null,"schema":{"blockGraphs":[],"customGraphs":[],"default":{"data":{"Article":[],"Course":[],"Dataset":[],"FAQPage":[],"Movie":[],"Person":[],"Product":[],"ProductReview":[],"Car":[],"Recipe":[],"Service":[],"SoftwareApplication":[],"WebPage":[]},"graphName":"WebPage","isEnabled":true},"graphs":[]},"schema_type":"default","schema_type_options":null,"pillar_content":false,"robots_default":true,"robots_noindex":false,"robots_noarchive":false,"robots_nosnippet":false,"robots_nofollow":false,"robots_noimageindex":false,"robots_noodp":false,"robots_notranslate":false,"robots_max_snippet":"-1","robots_max_videopreview":"-1","robots_max_imagepreview":"large","priority":null,"frequency":"default","local_seo":null,"seo_analyzer_scan_date":"2025-10-08 21:25:18","breadcrumb_settings":null,"limit_modified_date":false,"reviewed_by":null,"open_ai":"{\"title\":{\"suggestions\":[],\"usage\":0},\"description\":{\"suggestions\":[],\"usage\":0}}","ai":null,"created":"2024-09-17 12:23:32","updated":"2025-10-08 21:25:18"},"aioseo_breadcrumb":"<div class=\"aioseo-breadcrumbs\"><span class=\"aioseo-breadcrumb\">\n\t<a href=\"https:\/\/www1.yeahiptv.click\/es\/\" title=\"Home\">Home<\/a>\n<\/span><span class=\"aioseo-breadcrumb-separator\">&raquo;<\/span><span class=\"aioseo-breadcrumb\">\n\tDistribuidor IPTV\n<\/span><\/div>","aioseo_breadcrumb_json":[{"label":"Home","link":"https:\/\/www1.yeahiptv.click\/es\/"},{"label":"Distribuidor IPTV","link":"https:\/\/www1.yeahiptv.click\/es\/distribuidor-iptv\/"}],"_links":{"self":[{"href":"https:\/\/www1.yeahiptv.click\/es\/wp-json\/wp\/v2\/pages\/2227","targetHints":{"allow":["GET"]}}],"collection":[{"href":"https:\/\/www1.yeahiptv.click\/es\/wp-json\/wp\/v2\/pages"}],"about":[{"href":"https:\/\/www1.yeahiptv.click\/es\/wp-json\/wp\/v2\/types\/page"}],"author":[{"embeddable":true,"href":"https:\/\/www1.yeahiptv.click\/es\/wp-json\/wp\/v2\/users\/1"}],"replies":[{"embeddable":true,"href":"https:\/\/www1.yeahiptv.click\/es\/wp-json\/wp\/v2\/comments?post=2227"}],"version-history":[{"count":4,"href":"https:\/\/www1.yeahiptv.click\/es\/wp-json\/wp\/v2\/pages\/2227\/revisions"}],"predecessor-version":[{"id":5022,"href":"https:\/\/www1.yeahiptv.click\/es\/wp-json\/wp\/v2\/pages\/2227\/revisions\/5022"}],"wp:attachment":[{"href":"https:\/\/www1.yeahiptv.click\/es\/wp-json\/wp\/v2\/media?parent=2227"}],"curies":[{"name":"wp","href":"https:\/\/api.w.org\/{rel}","templated":true}]}}