{"id":2225,"date":"2021-12-13T05:24:19","date_gmt":"2021-12-13T05:24:19","guid":{"rendered":"https:\/\/yeahiptv.click\/revendeur-iptv\/"},"modified":"2025-03-03T22:45:12","modified_gmt":"2025-03-03T22:45:12","slug":"revendeur-iptv","status":"publish","type":"page","link":"https:\/\/www1.yeahiptv.click\/fr\/revendeur-iptv\/","title":{"rendered":"Revendeur IPTV"},"content":{"rendered":"\n<div class=\"blockart-section blockart-section-1c9cf564\"><div class=\"blockart-container\"><div class=\"blockart-section-inner\">\n<div class=\"blockart-column blockart-column-ae60d79c\"><div class=\"blockart-column-inner\">\n<p style=\"font-size:25px\"><strong>Yeah IPTV Premium IPTV Reseller<\/strong><br\/>Apprenez de mani\u00e8re simple comment gagner de l&rsquo;argent et devenir un revendeur Yeah IPTV.<\/p>\n\n\n\n<figure class=\"blockart-image blockart-image-3825a26b\"><img loading=\"lazy\" decoding=\"async\" class=\"wp-image-1407 hover-effect-static filter-none mask mask-none\" src=\"https:\/\/ww1w.yeahiptv.click\/wp-content\/uploads\/2024\/08\/raining_money-1.jpg\" alt=\"\" height=\"683\" width=\"1024\" srcset=\"https:\/\/www1.yeahiptv.click\/wp-content\/uploads\/2024\/08\/raining_money-1.jpg 1024w, https:\/\/www1.yeahiptv.click\/wp-content\/uploads\/2024\/08\/raining_money-1-300x200.jpg 300w, https:\/\/www1.yeahiptv.click\/wp-content\/uploads\/2024\/08\/raining_money-1-768x512.jpg 768w\" sizes=\"auto, (max-width: 1024px) 100vw, 1024px\" \/><\/figure>\n\n\n\n<p><strong><br\/><\/strong>Saviez-vous que les services IPTV comptent plus de 50 millions d&rsquo;utilisateurs dans le monde ?\nIl s&rsquo;agit l\u00e0 d&rsquo;une opportunit\u00e9 de march\u00e9 \u00e9norme !\nLancez votre propre entreprise de TVIP d\u00e8s aujourd&rsquo;hui et gagnez potentiellement plus de 10 000 euros par mois.  <\/p>\n\n\n\n<p>Notre panneau IPTV convivial facilite la cr\u00e9ation et la gestion des abonnements pour vos clients.\nDe plus, vous pouvez m\u00eame d\u00e9velopper des scripts enigma pour les bo\u00eetiers IPTV qui utilisent cette technologie. <\/p>\n\n\n\n<h2 class=\"wp-block-heading has-medium-font-size\"><strong>Le fonctionnement du panel Yeah IPTV<\/strong><\/h2>\n\n\n\n<p>Vous devez acheter des cr\u00e9dits pour charger votre panneau de <strong>revendeur Yeah IPTV<\/strong> lorsque vous devenez notre revendeur.\nle montant minimum est de \u20ac300 <\/p>\n\n\n\n<h2 class=\"wp-block-heading has-medium-font-size\"><strong>Commencez \u00e0 gagner de l&rsquo;argent<\/strong><\/h2>\n\n\n\n<p>Facile !\nEnregistrez-vous d\u00e8s maintenant comme revendeur <strong>IPTV premium de<\/strong> YeahIPTV et faites de la publicit\u00e9 partout o\u00f9 vous le souhaitez. <\/p>\n\n\n\n<h2 class=\"wp-block-heading has-medium-font-size\"><strong>Travailler avec un compte revendeur premium Yeah IPTV<\/strong><\/h2>\n\n\n\n<p>Le compte revendeur ne d\u00e9pend pas du temps.\nCela signifie que vous achetez un compte revendeur Premium YeahIPTV sans date d&rsquo;expiration.\nVeuillez noter que vos cr\u00e9dits sont la seule chose importante.\nVous pouvez cr\u00e9er des comptes pour vos utilisateurs avec vos cr\u00e9dits.   <\/p>\n\n\n\n<h2 class=\"wp-block-heading has-medium-font-size\"><strong>Avoir votre propre URL de revendeur IPTV<\/strong><\/h2>\n\n\n\n<p>Vous pouvez cr\u00e9er votre propre DNS et votre propre marque et personne ne remarquera que vous \u00eates un <strong>revendeur<\/strong> premium <strong>Yeah IPTV<\/strong>.<\/p>\n\n\n\n<h2 class=\"wp-block-heading has-medium-font-size\"><strong>YeahIPTV Revendeur<\/strong><\/h2>\n\n\n\n<p>Le programme de revente Yeah IPTV est le meilleur programme de revente au monde, Lorsque vous prenez un package de revente premium, vous pouvez profiter d&rsquo;un acc\u00e8s complet \u00e0 tous les programmes de revente IPTV, vous pouvez vendre des packages IPTV premium et gagner plus de 10 000 euros par mois, le support Yeah IPTV sera toujours avec vous 24\/7.<\/p>\n\n\n\n<h2 class=\"wp-block-heading has-medium-font-size\"><strong>Revendeur IPTV<\/strong><\/h2>\n\n\n\n<p>Un compte revendeur IPTV est un investissement \u00e0 long terme.\nUne fois achet\u00e9, il n&rsquo;a pas de date d&rsquo;expiration.\nLa cl\u00e9 pour le garder actif est de conserver suffisamment de cr\u00e9dits.\nCes cr\u00e9dits vous permettent de cr\u00e9er des comptes pour vos clients.\nEn vendant des comptes revendeur IPTV Yeah premium, vous pouvez g\u00e9n\u00e9rer un revenu r\u00e9gulier.    <\/p>\n\n\n\n<h3 class=\"wp-block-heading\">Revendeur Premium IPTV<\/h3>\n\n\n\n<p>Le compte <a href=\"https:\/\/yeahiptv.click\/fr\/\" title=\"\">Premium Yeah IPTV<\/a> Reseller est une opportunit\u00e9 lucrative pour ceux qui recherchent un flux de revenus passifs \u00e0 long terme. Contrairement \u00e0 de nombreux autres programmes de revente, votre compte Yeah IPTV n&rsquo;a pas de date d&rsquo;expiration. Cela signifie que vous pouvez continuer \u00e0 gagner de l&rsquo;argent gr\u00e2ce \u00e0 votre investissement initial aussi longtemps que vous le souhaitez.  <\/p>\n\n\n\n<p>La cl\u00e9 pour maximiser vos gains r\u00e9side dans une gestion efficace de vos cr\u00e9dits de compte.\nCes cr\u00e9dits vous permettent de cr\u00e9er de nouveaux comptes pour vos clients.\nEn vendant des abonnements premium \u00e0 Yeah IPTV, vous pouvez g\u00e9n\u00e9rer un revenu r\u00e9gulier.  <\/p>\n\n\n\n<p>Notre programme de revente est largement reconnu comme l&rsquo;un des meilleurs du secteur.\nNous offrons une plateforme compl\u00e8te, un support exceptionnel et des prix comp\u00e9titifs pour assurer votre succ\u00e8s.\nProfitez des avantages d&rsquo;un partenariat avec Yeah IPTV et faites l&rsquo;exp\u00e9rience du meilleur service IPTV disponible\u00a0\u00bb.  <\/p>\n\n\n\n<h6 class=\"wp-block-heading\"><strong>NOTE : TOUT REVENDEUR QUI VENDRAIT NOS ABONNEMENTS \u00c0 DES PRIX INF\u00c9RIEURS \u00c0 NOS PRIX STANDARD &#8211; QUI SONT AFFICH\u00c9S SUR NOTRE PAGE D&rsquo;ACCUEIL &#8211; SERA IMM\u00c9DIATEMENT BANNI !<\/strong><\/h6>\n\n\n\n<p><\/p>\n\n\n\n<h2 class=\"wp-block-heading has-medium-font-size\"><strong>Des plans de revente IPTV pour tous les besoins<\/strong><\/h2>\n\n\n\n<p>Lorsque vous devenez notre revendeur, vous achetez des cr\u00e9dits pour charger votre panneau de revendeur.<br\/>Le montant minimum est de \u20ac300.\nN&rsquo;OUBLIEZ PAS : 1\u20ac = 1 Cr\u00e9dit <\/p>\n\n\n\n<h3 class=\"wp-block-heading has-medium-font-size\"><strong>Comment fonctionne le compte revendeur Yeah IPTV<\/strong><\/h3>\n\n\n\n<p>Le compte revendeur Yeah IPTV fonctionne selon un syst\u00e8me flexible bas\u00e9 sur les cr\u00e9dits.\nContrairement aux mod\u00e8les bas\u00e9s sur l&rsquo;abonnement qui ont des dates d&rsquo;expiration, votre compte revendeur reste actif tant que vous conservez suffisamment de cr\u00e9dits. <\/p>\n\n\n\n<p class=\"has-medium-font-size\"><strong>Comprendre les cr\u00e9dits :<\/strong><\/p>\n\n\n\n<p>Les cr\u00e9dits sont la monnaie de votre compte.\nChaque cr\u00e9dit correspond \u00e0 une valeur sp\u00e9cifique, que vous utilisez pour cr\u00e9er des comptes pour vos clients.\nPar exemple, la cr\u00e9ation d&rsquo;un abonnement d&rsquo;un mois peut n\u00e9cessiter 7 cr\u00e9dits.  <\/p>\n\n\n\n<p class=\"has-medium-font-size\"><strong>Vente d&rsquo;abonnements :<\/strong><\/p>\n\n\n\n<p>Tant que vous avez des cr\u00e9dits disponibles, vous pouvez continuer \u00e0 vendre des abonnements Yeah IPTV \u00e0 vos clients.\nLes revenus que vous tirez de ces ventes sont \u00e0 votre disposition. <\/p>\n\n\n\n<p class=\"has-medium-font-size\"><strong>Cr\u00e9dits de gestion :<\/strong><\/p>\n\n\n\n<p>Si votre solde de cr\u00e9dits est faible, vous pouvez facilement le reconstituer en achetant des cr\u00e9dits suppl\u00e9mentaires.\nCela vous permet de maintenir un approvisionnement r\u00e9gulier et d&rsquo;assurer un service ininterrompu \u00e0 vos clients. <\/p>\n\n\n\n<p class=\"has-medium-font-size\"><strong>En r\u00e9sum\u00e9 :<\/strong><\/p>\n\n\n\n<p>Le compte revendeur Yeah IPTV offre un mod\u00e8le commercial simple et durable.\nEn g\u00e9rant efficacement vos cr\u00e9dits, vous pouvez cr\u00e9er et vendre des abonnements, g\u00e9n\u00e9rant des revenus continus sans vous soucier de l&rsquo;expiration du compte. <\/p>\n\n\n\n<h3 class=\"wp-block-heading has-medium-font-size\"><strong>COMPTES CO\u00dbTS DE CR\u00c9DIT POUR LES REVENDEURS IPTV ?<\/strong><\/h3>\n\n\n\n<p>Co\u00fbt du compte hebdomadaire 3 Cr\u00e9dits<br\/>Co\u00fbt du compte 1 mois 7 Cr\u00e9dits<br\/>Co\u00fbt du compte 3 mois 17 Cr\u00e9dits<br\/>Co\u00fbt du compte 6 mois 29 Cr\u00e9dits<br\/>Co\u00fbt du compte 1 an 55 Cr\u00e9dits<\/p>\n<\/div><\/div>\n<\/div><\/div><\/div>\n\n<div class=\"blockart-section blockart-section-6fe4457f\"><div class=\"blockart-container\"><div class=\"blockart-section-inner\">\n<div class=\"blockart-column blockart-column-76be6c10\"><div class=\"blockart-column-inner\">\n<h4 class=\"blockart-heading blockart-heading-00516ffe\">Yeah IPTV Premium Pricing and Plans<\/h4>\n\n\n\n<h2 class=\"blockart-heading blockart-heading-14bc8557\">Choisissez le meilleur plan de revente IPTV<\/h2>\n\n\n\n<div class=\"alignwide blockart-section blockart-section-8018cf17 alignwide\"><div class=\"blockart-container\"><div class=\"blockart-section-inner\">\n<div class=\"blockart-column blockart-column-4874a8d8\"><div class=\"blockart-column-inner\">\n<h4 class=\"blockart-heading blockart-heading-28718899\">Revendeur IPTV de base<\/h4>\n\n\n\n<h6 class=\"blockart-heading blockart-heading-98a20f5e\">\u20ac300<\/h6>\n\n\n\n<ul class=\"wp-block-list has-normal-font-size\">\n<li>300 Cr\u00e9dits<\/li>\n\n\n\n<li>0% Extra<\/li>\n<\/ul>\n\n\n\n<div class=\"blockart-buttons blockart-buttons-63c86284 is-wrap is-horizontal justify-center align-center\">\n<div class=\"blockart-button blockart-button-5364e5cb \"><a class=\"blockart-button-link is-large is-style-filled\" href=\"https:\/\/my.yeahiptvs.com\/store\/iptv-reseller\/basic-iptv-reseller\">Acheter un revendeur IPTV<\/a><\/div>\n<\/div>\n<\/div><\/div>\n\n\n\n<div class=\"blockart-column blockart-column-e0b6f57d\"><div class=\"blockart-column-inner\">\n<h4 class=\"blockart-heading blockart-heading-c8ffaf49\">Revendeur Platinium IPTV<\/h4>\n\n\n\n<h6 class=\"blockart-heading blockart-heading-b5b46d49\">\u20ac2000<\/h6>\n\n\n\n<ul class=\"wp-block-list has-white-color has-text-color has-normal-font-size\">\n<li>2600 Cr\u00e9dits<\/li>\n\n\n\n<li>30 % d&rsquo;extra<\/li>\n<\/ul>\n\n\n\n<div class=\"blockart-buttons blockart-buttons-da8166fc is-wrap is-horizontal justify-center align-center\">\n<div class=\"blockart-button blockart-button-66212c4c \"><a class=\"blockart-button-link is-large is-style-filled\" href=\"https:\/\/my.yeahiptvs.com\/store\/iptv-reseller\/platinum-iptv-reseller\">Acheter un revendeur IPTV<\/a><\/div>\n<\/div>\n<\/div><\/div>\n\n\n\n<div class=\"blockart-column blockart-column-4fe0c3a6\"><div class=\"blockart-column-inner\">\n<h4 class=\"blockart-heading blockart-heading-5b4c0304\">Revendeur IPTV Gold<\/h4>\n\n\n\n<h6 class=\"blockart-heading blockart-heading-6ec18253\">\u20ac1000<\/h6>\n\n\n\n<ul class=\"wp-block-list has-normal-font-size\">\n<li>1200 Cr\u00e9dits<\/li>\n\n\n\n<li>20 % d&rsquo;extra<\/li>\n<\/ul>\n\n\n\n<div class=\"blockart-buttons blockart-buttons-8f1ad18f is-wrap is-horizontal justify-center align-center\">\n<div class=\"blockart-button blockart-button-35836e95 \"><a class=\"blockart-button-link is-large is-style-filled\" href=\"https:\/\/my.yeahiptvs.com\/store\/iptv-reseller\/gold-iptv-reseller\">Acheter un revendeur IPTV<\/a><\/div>\n<\/div>\n<\/div><\/div>\n<\/div><\/div><\/div>\n<\/div><\/div>\n<\/div><\/div><\/div>\n","protected":false},"excerpt":{"rendered":"","protected":false},"author":1,"featured_media":0,"parent":0,"menu_order":0,"comment_status":"closed","ping_status":"closed","template":"page-templates\/pagebuilder.php","meta":{"zakra_general_container_width":0,"zakra_general_content_width":0,"zakra_general_sidebar_width":0,"zakra_sticky_header":"customizer","zakra_header_main_area":true,"zakra_site_logo_width":0,"zakra_header_top_enabled":"customizer","zakra_header_top_style":"customizer","zakra_primary_menu_item_style":"customizer","zakra_page_header_text_color":"","zakra_page_header_layout":"customizer","zakra_page_title_bg":"","zakra_footer_widgets_bg_image":0,"zakra_page_title_bg_repeat":"customizer","zakra_page_title_bg_position":"customizer","zakra_page_title_bg_size":"customizer","zakra_page_title_bg_attachment":"customizer","zakra_breadcrumbs_enabled":"customizer","zakra_breadcrumbs_text_color":"","zakra_breadcrumbs_separator_color":"","zakra_breadcrumbs_link_color":"","zakra_breadcrumbs_link_hover_color":"","zakra_page_title_bg_image":0,"zakra_footer_widgets_enabled":"customizer","zakra_footer_column_layout_1_style":"customizer","zakra_footer_widgets_bg":"","zakra_footer_widgets_bg_repeat":"customizer","zakra_footer_widgets_bg_position":"customizer","zakra_footer_widgets_bg_size":"customizer","zakra_footer_widgets_bg_attachment":"customizer","zakra_footer_bar_enabled":"customizer","zakra_footer_bar_style":"customizer","zakra_page_container_layout":"customizer","zakra_page_sidebar_layout":"customizer","zakra_remove_content_margin":false,"zakra_sidebar":"customizer","zakra_transparent_header":"customizer","zakra_logo":0,"zakra_main_header_style":"default","zakra_menu_item_color":"","zakra_menu_item_hover_color":"","zakra_menu_item_active_color":"","zakra_menu_active_style":"","zakra_page_header":true,"om_disable_all_campaigns":false,"_monsterinsights_skip_tracking":false,"_monsterinsights_sitenote_active":false,"_monsterinsights_sitenote_note":"","_monsterinsights_sitenote_category":0,"footnotes":""},"class_list":["post-2225","page","type-page","status-publish","hentry"],"aioseo_notices":[],"aioseo_head":"\n\t\t<!-- All in One SEO Pro 4.9.6.2 - aioseo.com -->\n\t<meta name=\"description\" content=\"Un moyen simple de gagner de l&#039;argent et de devenir un revendeur de TVIP. D\u00e9marrez votre propre activit\u00e9 IPTV aujourd&#039;hui et gagnez potentiellement plus de 10 000 \u20ac par mois.\" \/>\n\t<meta name=\"robots\" content=\"max-image-preview:large\" \/>\n\t<meta name=\"google-site-verification\" content=\"Y5Vp4qMoq3XCnv5XC77HxuNH2GgkGiPMLo9CI1PrsXY\" \/>\n\t<meta name=\"msvalidate.01\" content=\"0EB073394C3C109723DAF1A65B0F91C3\" \/>\n\t<meta name=\"yandex-verification\" content=\"95ff0eed4a90b98a\" \/>\n\t<link rel=\"canonical\" href=\"https:\/\/www1.yeahiptv.click\/fr\/revendeur-iptv\/\" \/>\n\t<meta name=\"generator\" content=\"All in One SEO Pro (AIOSEO) 4.9.6.2\" \/>\n\t\t<meta property=\"og:locale\" content=\"fr_FR\" \/>\n\t\t<meta property=\"og:site_name\" content=\"Yeah IPTV - Best Premium IPTV Subscription\" \/>\n\t\t<meta property=\"og:type\" content=\"article\" \/>\n\t\t<meta property=\"og:title\" content=\"Revendeur IPTV - Yeah IPTV Programme Revendeur\" \/>\n\t\t<meta property=\"og:description\" content=\"Un moyen simple de gagner de l&#039;argent et de devenir un revendeur de TVIP. D\u00e9marrez votre propre activit\u00e9 IPTV aujourd&#039;hui et gagnez potentiellement plus de 10 000 \u20ac par mois.\" \/>\n\t\t<meta property=\"og:url\" content=\"https:\/\/www1.yeahiptv.click\/fr\/revendeur-iptv\/\" \/>\n\t\t<meta property=\"og:image\" content=\"https:\/\/ww1w.yeahiptv.click\/wp-content\/uploads\/2024\/12\/yeahiptv1-1.png\" \/>\n\t\t<meta property=\"og:image:secure_url\" content=\"https:\/\/ww1w.yeahiptv.click\/wp-content\/uploads\/2024\/12\/yeahiptv1-1.png\" \/>\n\t\t<meta property=\"article:published_time\" content=\"2021-12-13T05:24:19+00:00\" \/>\n\t\t<meta property=\"article:modified_time\" content=\"2025-03-03T22:45:12+00:00\" \/>\n\t\t<meta name=\"twitter:card\" content=\"summary_large_image\" \/>\n\t\t<meta name=\"twitter:title\" content=\"Revendeur IPTV - Yeah IPTV Programme Revendeur\" \/>\n\t\t<meta name=\"twitter:description\" content=\"Un moyen simple de gagner de l&#039;argent et de devenir un revendeur de TVIP. D\u00e9marrez votre propre activit\u00e9 IPTV aujourd&#039;hui et gagnez potentiellement plus de 10 000 \u20ac par mois.\" \/>\n\t\t<meta name=\"twitter:image\" content=\"https:\/\/ww1w.yeahiptv.click\/wp-content\/uploads\/2024\/12\/yeah-iptv.png\" \/>\n\t\t<script type=\"application\/ld+json\" class=\"aioseo-schema\">\n\t\t\t{\"@context\":\"https:\\\/\\\/schema.org\",\"@graph\":[{\"@type\":\"BreadcrumbList\",\"@id\":\"https:\\\/\\\/www1.yeahiptv.click\\\/fr\\\/revendeur-iptv\\\/#breadcrumblist\",\"itemListElement\":[{\"@type\":\"ListItem\",\"@id\":\"https:\\\/\\\/www1.yeahiptv.click\\\/fr\\\/#listItem\",\"position\":1,\"name\":\"Home\",\"item\":\"https:\\\/\\\/www1.yeahiptv.click\\\/fr\\\/\",\"nextItem\":{\"@type\":\"ListItem\",\"@id\":\"https:\\\/\\\/www1.yeahiptv.click\\\/fr\\\/revendeur-iptv\\\/#listItem\",\"name\":\"Revendeur IPTV\"}},{\"@type\":\"ListItem\",\"@id\":\"https:\\\/\\\/www1.yeahiptv.click\\\/fr\\\/revendeur-iptv\\\/#listItem\",\"position\":2,\"name\":\"Revendeur IPTV\",\"previousItem\":{\"@type\":\"ListItem\",\"@id\":\"https:\\\/\\\/www1.yeahiptv.click\\\/fr\\\/#listItem\",\"name\":\"Home\"}}]},{\"@type\":\"Product\",\"@id\":\"https:\\\/\\\/www1.yeahiptv.click\\\/fr\\\/revendeur-iptv\\\/#product\",\"name\":\"Revendeur IPTV\",\"url\":\"https:\\\/\\\/www1.yeahiptv.click\\\/fr\\\/revendeur-iptv\\\/\"},{\"@type\":\"WebPage\",\"@id\":\"https:\\\/\\\/www1.yeahiptv.click\\\/fr\\\/revendeur-iptv\\\/#webpage\",\"url\":\"https:\\\/\\\/www1.yeahiptv.click\\\/fr\\\/revendeur-iptv\\\/\",\"name\":\"Revendeur IPTV - Yeah IPTV Programme Revendeur\",\"description\":\"Un moyen simple de gagner de l'argent et de devenir un revendeur de TVIP. D\\u00e9marrez votre propre activit\\u00e9 IPTV aujourd'hui et gagnez potentiellement plus de 10 000 \\u20ac par mois.\",\"inLanguage\":\"fr-FR\",\"isPartOf\":{\"@id\":\"https:\\\/\\\/www1.yeahiptv.click\\\/fr\\\/#website\"},\"breadcrumb\":{\"@id\":\"https:\\\/\\\/www1.yeahiptv.click\\\/fr\\\/revendeur-iptv\\\/#breadcrumblist\"},\"datePublished\":\"2021-12-13T05:24:19+00:00\",\"dateModified\":\"2025-03-03T22:45:12+00:00\"},{\"@type\":\"WebSite\",\"@id\":\"https:\\\/\\\/www1.yeahiptv.click\\\/fr\\\/#website\",\"url\":\"https:\\\/\\\/www1.yeahiptv.click\\\/fr\\\/\",\"name\":\"Best Premium IPTV Subscription\",\"description\":\"Best Premium IPTV Subscription\",\"inLanguage\":\"fr-FR\",\"publisher\":{\"@id\":\"https:\\\/\\\/www1.yeahiptv.click\\\/fr\\\/#person\"}}]}\n\t\t<\/script>\n\t\t<!-- All in One SEO Pro -->\r\n\t\t<title>Revendeur IPTV - Yeah IPTV Programme Revendeur<\/title>\n\n","aioseo_head_json":{"title":"Revendeur IPTV - Yeah IPTV Programme Revendeur","description":"Un moyen simple de gagner de l'argent et de devenir un revendeur de TVIP. D\u00e9marrez votre propre activit\u00e9 IPTV aujourd'hui et gagnez potentiellement plus de 10 000 \u20ac par mois.","canonical_url":"https:\/\/www1.yeahiptv.click\/fr\/revendeur-iptv\/","robots":"max-image-preview:large","keywords":"","webmasterTools":{"google-site-verification":"Y5Vp4qMoq3XCnv5XC77HxuNH2GgkGiPMLo9CI1PrsXY","msvalidate.01":"0EB073394C3C109723DAF1A65B0F91C3","yandex-verification":"95ff0eed4a90b98a","miscellaneous":""},"schema":{"@context":"https:\/\/schema.org","@graph":[{"@type":"BreadcrumbList","@id":"https:\/\/www1.yeahiptv.click\/fr\/revendeur-iptv\/#breadcrumblist","itemListElement":[{"@type":"ListItem","@id":"https:\/\/www1.yeahiptv.click\/fr\/#listItem","position":1,"name":"Home","item":"https:\/\/www1.yeahiptv.click\/fr\/","nextItem":{"@type":"ListItem","@id":"https:\/\/www1.yeahiptv.click\/fr\/revendeur-iptv\/#listItem","name":"Revendeur IPTV"}},{"@type":"ListItem","@id":"https:\/\/www1.yeahiptv.click\/fr\/revendeur-iptv\/#listItem","position":2,"name":"Revendeur IPTV","previousItem":{"@type":"ListItem","@id":"https:\/\/www1.yeahiptv.click\/fr\/#listItem","name":"Home"}}]},{"@type":"Product","@id":"https:\/\/www1.yeahiptv.click\/fr\/revendeur-iptv\/#product","name":"Revendeur IPTV","url":"https:\/\/www1.yeahiptv.click\/fr\/revendeur-iptv\/"},{"@type":"WebPage","@id":"https:\/\/www1.yeahiptv.click\/fr\/revendeur-iptv\/#webpage","url":"https:\/\/www1.yeahiptv.click\/fr\/revendeur-iptv\/","name":"Revendeur IPTV - Yeah IPTV Programme Revendeur","description":"Un moyen simple de gagner de l'argent et de devenir un revendeur de TVIP. D\u00e9marrez votre propre activit\u00e9 IPTV aujourd'hui et gagnez potentiellement plus de 10 000 \u20ac par mois.","inLanguage":"fr-FR","isPartOf":{"@id":"https:\/\/www1.yeahiptv.click\/fr\/#website"},"breadcrumb":{"@id":"https:\/\/www1.yeahiptv.click\/fr\/revendeur-iptv\/#breadcrumblist"},"datePublished":"2021-12-13T05:24:19+00:00","dateModified":"2025-03-03T22:45:12+00:00"},{"@type":"WebSite","@id":"https:\/\/www1.yeahiptv.click\/fr\/#website","url":"https:\/\/www1.yeahiptv.click\/fr\/","name":"Best Premium IPTV Subscription","description":"Best Premium IPTV Subscription","inLanguage":"fr-FR","publisher":{"@id":"https:\/\/www1.yeahiptv.click\/fr\/#person"}}]},"og:locale":"fr_FR","og:site_name":"Yeah IPTV - Best Premium IPTV Subscription","og:type":"article","og:title":"Revendeur IPTV - Yeah IPTV Programme Revendeur","og:description":"Un moyen simple de gagner de l'argent et de devenir un revendeur de TVIP. D\u00e9marrez votre propre activit\u00e9 IPTV aujourd'hui et gagnez potentiellement plus de 10 000 \u20ac par mois.","og:url":"https:\/\/www1.yeahiptv.click\/fr\/revendeur-iptv\/","og:image":"https:\/\/ww1w.yeahiptv.click\/wp-content\/uploads\/2024\/12\/yeahiptv1-1.png","og:image:secure_url":"https:\/\/ww1w.yeahiptv.click\/wp-content\/uploads\/2024\/12\/yeahiptv1-1.png","article:published_time":"2021-12-13T05:24:19+00:00","article:modified_time":"2025-03-03T22:45:12+00:00","twitter:card":"summary_large_image","twitter:title":"Revendeur IPTV - Yeah IPTV Programme Revendeur","twitter:description":"Un moyen simple de gagner de l'argent et de devenir un revendeur de TVIP. D\u00e9marrez votre propre activit\u00e9 IPTV aujourd'hui et gagnez potentiellement plus de 10 000 \u20ac par mois.","twitter:image":"https:\/\/ww1w.yeahiptv.click\/wp-content\/uploads\/2024\/12\/yeah-iptv.png"},"aioseo_meta_data":{"post_id":"2225","title":"#post_title #separator_sa #site_title Programme Revendeur","description":"Un moyen simple de gagner de l'argent et de devenir un revendeur de TVIP.\nD\u00e9marrez votre propre activit\u00e9 IPTV aujourd'hui et gagnez potentiellement plus de 10 000 \u20ac par mois. ","keywords":null,"keyphrases":{"focus":{"keyphrase":"","score":0,"analysis":{"keyphraseInTitle":{"score":0,"maxScore":9,"error":1}}},"additional":[]},"primary_term":null,"canonical_url":null,"og_title":null,"og_description":null,"og_object_type":"default","og_image_type":"default","og_image_url":null,"og_image_width":null,"og_image_height":null,"og_image_custom_url":null,"og_image_custom_fields":null,"og_video":"","og_custom_url":null,"og_article_section":null,"og_article_tags":null,"twitter_use_og":false,"twitter_card":"default","twitter_image_type":"default","twitter_image_url":null,"twitter_image_custom_url":null,"twitter_image_custom_fields":null,"twitter_title":null,"twitter_description":null,"schema":{"blockGraphs":[],"customGraphs":[],"default":{"data":{"Article":[],"Course":[],"Dataset":[],"FAQPage":[],"Movie":[],"Person":[],"Product":[],"ProductReview":[],"Car":[],"Recipe":[],"Service":[],"SoftwareApplication":[],"WebPage":[]},"graphName":"WebPage","isEnabled":true},"graphs":[]},"schema_type":"default","schema_type_options":null,"pillar_content":false,"robots_default":true,"robots_noindex":false,"robots_noarchive":false,"robots_nosnippet":false,"robots_nofollow":false,"robots_noimageindex":false,"robots_noodp":false,"robots_notranslate":false,"robots_max_snippet":"-1","robots_max_videopreview":"-1","robots_max_imagepreview":"large","priority":null,"frequency":"default","local_seo":null,"seo_analyzer_scan_date":"2025-10-08 21:25:18","breadcrumb_settings":null,"limit_modified_date":false,"reviewed_by":null,"open_ai":"{\"title\":{\"suggestions\":[],\"usage\":0},\"description\":{\"suggestions\":[],\"usage\":0}}","ai":null,"created":"2024-09-17 12:23:31","updated":"2025-10-08 21:25:18"},"aioseo_breadcrumb":"<div class=\"aioseo-breadcrumbs\"><span class=\"aioseo-breadcrumb\">\n\t<a href=\"https:\/\/www1.yeahiptv.click\/fr\/\" title=\"Home\">Home<\/a>\n<\/span><span class=\"aioseo-breadcrumb-separator\">&raquo;<\/span><span class=\"aioseo-breadcrumb\">\n\tRevendeur IPTV\n<\/span><\/div>","aioseo_breadcrumb_json":[{"label":"Home","link":"https:\/\/www1.yeahiptv.click\/fr\/"},{"label":"Revendeur IPTV","link":"https:\/\/www1.yeahiptv.click\/fr\/revendeur-iptv\/"}],"_links":{"self":[{"href":"https:\/\/www1.yeahiptv.click\/fr\/wp-json\/wp\/v2\/pages\/2225","targetHints":{"allow":["GET"]}}],"collection":[{"href":"https:\/\/www1.yeahiptv.click\/fr\/wp-json\/wp\/v2\/pages"}],"about":[{"href":"https:\/\/www1.yeahiptv.click\/fr\/wp-json\/wp\/v2\/types\/page"}],"author":[{"embeddable":true,"href":"https:\/\/www1.yeahiptv.click\/fr\/wp-json\/wp\/v2\/users\/1"}],"replies":[{"embeddable":true,"href":"https:\/\/www1.yeahiptv.click\/fr\/wp-json\/wp\/v2\/comments?post=2225"}],"version-history":[{"count":4,"href":"https:\/\/www1.yeahiptv.click\/fr\/wp-json\/wp\/v2\/pages\/2225\/revisions"}],"predecessor-version":[{"id":5023,"href":"https:\/\/www1.yeahiptv.click\/fr\/wp-json\/wp\/v2\/pages\/2225\/revisions\/5023"}],"wp:attachment":[{"href":"https:\/\/www1.yeahiptv.click\/fr\/wp-json\/wp\/v2\/media?parent=2225"}],"curies":[{"name":"wp","href":"https:\/\/api.w.org\/{rel}","templated":true}]}}