{"id":2221,"date":"2021-12-13T05:24:19","date_gmt":"2021-12-13T05:24:19","guid":{"rendered":"https:\/\/yeahiptv.click\/iptv-bayi\/"},"modified":"2025-03-03T22:45:12","modified_gmt":"2025-03-03T22:45:12","slug":"iptv-bayi","status":"publish","type":"page","link":"https:\/\/www1.yeahiptv.click\/tr\/iptv-bayi\/","title":{"rendered":"IPTV Bayi"},"content":{"rendered":"\n<div class=\"blockart-section blockart-section-1c9cf564\"><div class=\"blockart-container\"><div class=\"blockart-section-inner\">\n<div class=\"blockart-column blockart-column-ae60d79c\"><div class=\"blockart-column-inner\">\n<p style=\"font-size:25px\"><strong>Yeah IPTV Premium IPTV Bay<\/strong>isi<br\/>Nas\u0131l para kazan\u0131laca\u011f\u0131n\u0131 ve Yeah IPTV bayisi olunaca\u011f\u0131n\u0131 basit bir \u015fekilde \u00f6\u011frenin<\/p>\n\n\n\n<figure class=\"blockart-image blockart-image-3825a26b\"><img loading=\"lazy\" decoding=\"async\" class=\"wp-image-1407 hover-effect-static filter-none mask mask-none\" src=\"https:\/\/ww1w.yeahiptv.click\/wp-content\/uploads\/2024\/08\/raining_money-1.jpg\" alt=\"\" height=\"683\" width=\"1024\" srcset=\"https:\/\/www1.yeahiptv.click\/wp-content\/uploads\/2024\/08\/raining_money-1.jpg 1024w, https:\/\/www1.yeahiptv.click\/wp-content\/uploads\/2024\/08\/raining_money-1-300x200.jpg 300w, https:\/\/www1.yeahiptv.click\/wp-content\/uploads\/2024\/08\/raining_money-1-768x512.jpg 768w\" sizes=\"auto, (max-width: 1024px) 100vw, 1024px\" \/><\/figure>\n\n\n\n<p><strong><br\/><\/strong>IPTV hizmetlerinin d\u00fcnya \u00e7ap\u0131nda 50 milyondan fazla kullan\u0131c\u0131s\u0131 oldu\u011funu biliyor muydunuz?\nBu \u00e7ok b\u00fcy\u00fck bir pazar f\u0131rsat\u0131!\nKendi IPTV i\u015finizi bug\u00fcn ba\u015flat\u0131n ve potansiyel olarak ayda 10.000 \u20ac&#8217;nun \u00fczerinde kazan\u0131n.  <\/p>\n\n\n\n<p>Kullan\u0131c\u0131 dostu IPTV panelimiz, m\u00fc\u015fterileriniz i\u00e7in abonelik olu\u015fturmay\u0131 ve y\u00f6netmeyi kolayla\u015ft\u0131r\u0131r.\nAyr\u0131ca, bu teknolojiyi kullanan IPTV kutular\u0131 i\u00e7in enigma komut dosyalar\u0131 bile geli\u015ftirebilirsiniz. <\/p>\n\n\n\n<h2 class=\"wp-block-heading has-medium-font-size\"><strong>Evet IPTV panelinin \u00e7al\u0131\u015fma \u015fekli<\/strong><\/h2>\n\n\n\n<p>Bayimiz oldu\u011funuzda <strong>Evet IPTV<\/strong> bayi panelinizi y\u00fcklemek i\u00e7in kredi sat\u0131n almal\u0131s\u0131n\u0131z.\nminimum miktar 300 \u20ac&#8217;dur <\/p>\n\n\n\n<h2 class=\"wp-block-heading has-medium-font-size\"><strong>Para kazanmaya ba\u015flay\u0131n<\/strong><\/h2>\n\n\n\n<p>Kolay!\nYeahIPTV <strong>premium IPTV<\/strong> bayisi i\u00e7in \u015fimdi kaydolun ve istedi\u011finiz yerde reklam verin <\/p>\n\n\n\n<h2 class=\"wp-block-heading has-medium-font-size\"><strong>Premium Evet IPTV bayi hesab\u0131 ile \u00e7al\u0131\u015fma<\/strong><\/h2>\n\n\n\n<p>Bayi hesab\u0131 zamana ba\u011fl\u0131 de\u011fildir.\nBu, herhangi bir son kullanma tarihi olmayan bir Premium YeahIPTV bayi hesab\u0131 sat\u0131n ald\u0131\u011f\u0131n\u0131z anlam\u0131na gelir.\nL\u00fctfen kredilerinizin tek \u00f6nemli \u015fey oldu\u011funu unutmay\u0131n.\nKredilerinizle kullan\u0131c\u0131lar\u0131n\u0131z i\u00e7in hesaplar olu\u015fturabilirsiniz.   <\/p>\n\n\n\n<h2 class=\"wp-block-heading has-medium-font-size\"><strong>Kendi IPTV Bayi URL&#8217;nize sahip olmak<\/strong><\/h2>\n\n\n\n<p>Kendi DNS ve Markan\u0131z\u0131 olu\u015fturabilirsiniz ve kimse sizin premium <strong>Evet IPTV sat\u0131c\u0131s\u0131<\/strong> oldu\u011funuzu fark etmeyecektir.<\/p>\n\n\n\n<h2 class=\"wp-block-heading has-medium-font-size\"><strong>YeahIPTV Bayi<\/strong><\/h2>\n\n\n\n<p>Evet IPTV bayi program\u0131 d\u00fcnyadaki en iyi Bayi program\u0131d\u0131r, Premium bayi paketi ald\u0131\u011f\u0131n\u0131zda t\u00fcm IPTV bayi program\u0131na tam eri\u015fimin keyfini \u00e7\u0131karabilirsiniz, premium IPTV paketleri satabilir ve ayda 10.000 Euro&#8217;dan fazla kazanabilirsiniz, Evet IPTV Deste\u011fi her zaman 7\/24 yan\u0131n\u0131zda olacakt\u0131r<\/p>\n\n\n\n<h2 class=\"wp-block-heading has-medium-font-size\"><strong>IPTV bayisi<\/strong><\/h2>\n\n\n\n<p>Evet IPTV Bayi hesab\u0131 uzun vadeli bir yat\u0131r\u0131md\u0131r.\nBir kez sat\u0131n al\u0131nd\u0131\u011f\u0131nda, son kullanma tarihi yoktur.\nAktif tutman\u0131n anahtar\u0131, yeterli krediyi korumakt\u0131r.\nBu krediler, m\u00fc\u015fterileriniz i\u00e7in hesaplar olu\u015fturman\u0131za olanak tan\u0131r.\nPremium Yeah IPTV bayi hesaplar\u0131 satarak d\u00fczenli bir gelir elde edebilirsiniz    <\/p>\n\n\n\n<h3 class=\"wp-block-heading\">Premium IPTV sat\u0131c\u0131s\u0131<\/h3>\n\n\n\n<p><a href=\"https:\/\/yeahiptv.click\/tr\/\" title=\"\">Premium Yeah IPTV<\/a> Bayi hesab\u0131, uzun vadeli, pasif bir gelir ak\u0131\u015f\u0131 arayanlar i\u00e7in kazan\u00e7l\u0131 bir f\u0131rsatt\u0131r. Di\u011fer bir\u00e7ok bayi program\u0131n\u0131n aksine, Yeah IPTV hesab\u0131n\u0131z\u0131n son kullanma tarihi yoktur. Bu, ilk yat\u0131r\u0131m\u0131n\u0131zdan istedi\u011finiz s\u00fcrece kazanmaya devam edebilece\u011finiz anlam\u0131na gelir.  <\/p>\n\n\n\n<p>Kazanc\u0131n\u0131z\u0131 en \u00fcst d\u00fczeye \u00e7\u0131karman\u0131n anahtar\u0131, hesap kredilerinizi etkin bir \u015fekilde y\u00f6netmekte yatar.\nBu krediler, m\u00fc\u015fterileriniz i\u00e7in yeni hesaplar olu\u015fturman\u0131za olanak tan\u0131r.\nPremium Evet IPTV abonelikleri satarak tutarl\u0131 bir gelir elde edebilirsiniz.  <\/p>\n\n\n\n<p>Bayi program\u0131m\u0131z sekt\u00f6r\u00fcn en iyilerinden biri olarak kabul edilmektedir.\nBa\u015far\u0131n\u0131z\u0131 garantilemek i\u00e7in kapsaml\u0131 bir platform, ola\u011fan\u00fcst\u00fc destek ve rekabet\u00e7i fiyatland\u0131rma sunuyoruz.\nYeah IPTV ile ortakl\u0131k kurman\u0131n avantajlar\u0131ndan yararlan\u0131n ve mevcut en iyi IPTV hizmetini deneyimleyin.&#8221;  <\/p>\n\n\n\n<h6 class=\"wp-block-heading\"><strong>NOT: ABONELI\u0307KLERI\u0307MI\u0307ZI\u0307 ANA SAYFAMIZDA G\u00d6STERI\u0307LEN STANDART FI\u0307YATLARIMIZDAN DAHA D\u00dc\u015e\u00dcK SATAN SATICILAR DERHAL YASAKLANACAKTIR!<\/strong><\/h6>\n\n\n\n<p><\/p>\n\n\n\n<h2 class=\"wp-block-heading has-medium-font-size\"><strong>Her \u0130htiyaca Uygun IPTV Bayi Planlar\u0131<\/strong><\/h2>\n\n\n\n<p>Bayimiz oldu\u011funuzda, bayi panelinizi y\u00fcklemek i\u00e7in kredi sat\u0131n alacaks\u0131n\u0131z.<br\/>Minimum miktar 300 \u20ac &#8216;dur.\nHATIRLAYIN: 1\u20ac = 1 Kredi <\/p>\n\n\n\n<h3 class=\"wp-block-heading has-medium-font-size\"><strong>Evet IPTV Bayi Hesab\u0131 Nas\u0131l \u00c7al\u0131\u015f\u0131r?<\/strong><\/h3>\n\n\n\n<p>Yeah IPTV Bayi hesab\u0131 esnek kredi tabanl\u0131 bir sistemle \u00e7al\u0131\u015f\u0131r.\nSon kullanma tarihi olan abonelik tabanl\u0131 modellerin aksine, bayi hesab\u0131n\u0131z yeterli krediyi korudu\u011funuz s\u00fcrece aktif kal\u0131r. <\/p>\n\n\n\n<p class=\"has-medium-font-size\"><strong>Kredileri Anlamak:<\/strong><\/p>\n\n\n\n<p>Kredileri hesab\u0131n\u0131z\u0131n para birimi olarak d\u00fc\u015f\u00fcn\u00fcn.\nHer kredi, m\u00fc\u015fterileriniz i\u00e7in hesap olu\u015ftururken kulland\u0131\u011f\u0131n\u0131z belirli bir de\u011fere kar\u015f\u0131l\u0131k gelir.\n\u00d6rne\u011fin, bir ayl\u0131k bir abonelik olu\u015fturmak i\u00e7in 7 kredi gerekebilir.  <\/p>\n\n\n\n<p class=\"has-medium-font-size\"><strong>Abonelik Sat\u0131\u015f\u0131:<\/strong><\/p>\n\n\n\n<p>Krediniz oldu\u011fu s\u00fcrece m\u00fc\u015fterilerinize Evet IPTV abonelikleri satmaya devam edebilirsiniz.\nBu sat\u0131\u015flardan elde etti\u011finiz gelir size aittir. <\/p>\n\n\n\n<p class=\"has-medium-font-size\"><strong>Y\u00f6netici Kredileri:<\/strong><\/p>\n\n\n\n<p>Kredi bakiyeniz azal\u0131rsa, ek kredi sat\u0131n alarak kolayca yenileyebilirsiniz.\nBu, istikrarl\u0131 bir tedarik sa\u011flaman\u0131za ve m\u00fc\u015fterileriniz i\u00e7in kesintisiz hizmet sunman\u0131za olanak tan\u0131r. <\/p>\n\n\n\n<p class=\"has-medium-font-size\"><strong>\u00d6zet olarak:<\/strong><\/p>\n\n\n\n<p>Yeah IPTV Bayi hesab\u0131 basit ve s\u00fcrd\u00fcr\u00fclebilir bir i\u015f modeli sunar.\nKredilerinizi etkin bir \u015fekilde y\u00f6neterek, abonelikler olu\u015fturabilir ve satabilir, hesap s\u00fcresinin dolmas\u0131 endi\u015fesi olmadan s\u00fcrekli gelir elde edebilirsiniz. <\/p>\n\n\n\n<h3 class=\"wp-block-heading has-medium-font-size\"><strong>IPTV BAYI\u0307LERI\u0307 I\u0307\u00c7I\u0307N KREDI\u0307 MASRAFLARINI HESAPLAR MISINIZ?<\/strong><\/h3>\n\n\n\n<p>Haftal\u0131k hesap maliyeti 3 Kredi<br\/>1 Ayl\u0131k hesap maliyeti 7 Kredi<br\/>3 Ayl\u0131k hesap maliyeti 17 Kredi<br\/>6 Ayl\u0131k hesap maliyeti 29 Kredi<br\/>1 Y\u0131ll\u0131k hesap maliyeti 55 Kredi<\/p>\n<\/div><\/div>\n<\/div><\/div><\/div>\n\n<div class=\"blockart-section blockart-section-6fe4457f\"><div class=\"blockart-container\"><div class=\"blockart-section-inner\">\n<div class=\"blockart-column blockart-column-76be6c10\"><div class=\"blockart-column-inner\">\n<h4 class=\"blockart-heading blockart-heading-00516ffe\">Evet IPTV Premium Fiyatland\u0131rma ve Planlar<\/h4>\n\n\n\n<h2 class=\"blockart-heading blockart-heading-14bc8557\">En \u0130yi IPTV Bayi Plan\u0131n\u0131 Se\u00e7in<\/h2>\n\n\n\n<div class=\"alignwide blockart-section blockart-section-8018cf17 alignwide\"><div class=\"blockart-container\"><div class=\"blockart-section-inner\">\n<div class=\"blockart-column blockart-column-4874a8d8\"><div class=\"blockart-column-inner\">\n<h4 class=\"blockart-heading blockart-heading-28718899\">Temel IPTV Bayisi<\/h4>\n\n\n\n<h6 class=\"blockart-heading blockart-heading-98a20f5e\">\u20ac300<\/h6>\n\n\n\n<ul class=\"wp-block-list has-normal-font-size\">\n<li>300 Kredi<\/li>\n\n\n\n<li>0 Ekstra<\/li>\n<\/ul>\n\n\n\n<div class=\"blockart-buttons blockart-buttons-63c86284 is-wrap is-horizontal justify-center align-center\">\n<div class=\"blockart-button blockart-button-5364e5cb \"><a class=\"blockart-button-link is-large is-style-filled\" href=\"https:\/\/my.yeahiptvs.com\/store\/iptv-reseller\/basic-iptv-reseller\">IPTV Bayisi Sat\u0131n Al\u0131n<\/a><\/div>\n<\/div>\n<\/div><\/div>\n\n\n\n<div class=\"blockart-column blockart-column-e0b6f57d\"><div class=\"blockart-column-inner\">\n<h4 class=\"blockart-heading blockart-heading-c8ffaf49\">Platinium IPTV Bayi<\/h4>\n\n\n\n<h6 class=\"blockart-heading blockart-heading-b5b46d49\">\u20ac2000<\/h6>\n\n\n\n<ul class=\"wp-block-list has-white-color has-text-color has-normal-font-size\">\n<li>2600 Kredi<\/li>\n\n\n\n<li>30 Ekstra<\/li>\n<\/ul>\n\n\n\n<div class=\"blockart-buttons blockart-buttons-da8166fc is-wrap is-horizontal justify-center align-center\">\n<div class=\"blockart-button blockart-button-66212c4c \"><a class=\"blockart-button-link is-large is-style-filled\" href=\"https:\/\/my.yeahiptvs.com\/store\/iptv-reseller\/platinum-iptv-reseller\">IPTV Bayisi Sat\u0131n Al\u0131n<\/a><\/div>\n<\/div>\n<\/div><\/div>\n\n\n\n<div class=\"blockart-column blockart-column-4fe0c3a6\"><div class=\"blockart-column-inner\">\n<h4 class=\"blockart-heading blockart-heading-5b4c0304\">Alt\u0131n IPTV Bayisi<\/h4>\n\n\n\n<h6 class=\"blockart-heading blockart-heading-6ec18253\">\u20ac1000<\/h6>\n\n\n\n<ul class=\"wp-block-list has-normal-font-size\">\n<li>1200 Kredi<\/li>\n\n\n\n<li>20 Ekstra<\/li>\n<\/ul>\n\n\n\n<div class=\"blockart-buttons blockart-buttons-8f1ad18f is-wrap is-horizontal justify-center align-center\">\n<div class=\"blockart-button blockart-button-35836e95 \"><a class=\"blockart-button-link is-large is-style-filled\" href=\"https:\/\/my.yeahiptvs.com\/store\/iptv-reseller\/gold-iptv-reseller\">IPTV Bayisi Sat\u0131n Al\u0131n<\/a><\/div>\n<\/div>\n<\/div><\/div>\n<\/div><\/div><\/div>\n<\/div><\/div>\n<\/div><\/div><\/div>\n","protected":false},"excerpt":{"rendered":"","protected":false},"author":1,"featured_media":0,"parent":0,"menu_order":0,"comment_status":"closed","ping_status":"closed","template":"page-templates\/pagebuilder.php","meta":{"zakra_general_container_width":0,"zakra_general_content_width":0,"zakra_general_sidebar_width":0,"zakra_sticky_header":"customizer","zakra_header_main_area":true,"zakra_site_logo_width":0,"zakra_header_top_enabled":"customizer","zakra_header_top_style":"customizer","zakra_primary_menu_item_style":"customizer","zakra_page_header_text_color":"","zakra_page_header_layout":"customizer","zakra_page_title_bg":"","zakra_footer_widgets_bg_image":0,"zakra_page_title_bg_repeat":"customizer","zakra_page_title_bg_position":"customizer","zakra_page_title_bg_size":"customizer","zakra_page_title_bg_attachment":"customizer","zakra_breadcrumbs_enabled":"customizer","zakra_breadcrumbs_text_color":"","zakra_breadcrumbs_separator_color":"","zakra_breadcrumbs_link_color":"","zakra_breadcrumbs_link_hover_color":"","zakra_page_title_bg_image":0,"zakra_footer_widgets_enabled":"customizer","zakra_footer_column_layout_1_style":"customizer","zakra_footer_widgets_bg":"","zakra_footer_widgets_bg_repeat":"customizer","zakra_footer_widgets_bg_position":"customizer","zakra_footer_widgets_bg_size":"customizer","zakra_footer_widgets_bg_attachment":"customizer","zakra_footer_bar_enabled":"customizer","zakra_footer_bar_style":"customizer","zakra_page_container_layout":"customizer","zakra_page_sidebar_layout":"customizer","zakra_remove_content_margin":false,"zakra_sidebar":"customizer","zakra_transparent_header":"customizer","zakra_logo":0,"zakra_main_header_style":"default","zakra_menu_item_color":"","zakra_menu_item_hover_color":"","zakra_menu_item_active_color":"","zakra_menu_active_style":"","zakra_page_header":true,"om_disable_all_campaigns":false,"_monsterinsights_skip_tracking":false,"_monsterinsights_sitenote_active":false,"_monsterinsights_sitenote_note":"","_monsterinsights_sitenote_category":0,"footnotes":""},"class_list":["post-2221","page","type-page","status-publish","hentry"],"aioseo_notices":[],"aioseo_head":"\n\t\t<!-- All in One SEO Pro 4.9.6.2 - aioseo.com -->\n\t<meta name=\"description\" content=\"Para kazanman\u0131n ve Evet IPTV sat\u0131c\u0131s\u0131 olman\u0131n basit yolu.b\u00fcy\u00fck pazar f\u0131rsat\u0131! Kendi IPTV i\u015finizi bug\u00fcn ba\u015flat\u0131n ve potansiyel olarak ayda 10.000 \u20ac &#039;dan fazla kazan\u0131n.\" \/>\n\t<meta name=\"robots\" content=\"max-image-preview:large\" \/>\n\t<meta name=\"google-site-verification\" content=\"Y5Vp4qMoq3XCnv5XC77HxuNH2GgkGiPMLo9CI1PrsXY\" \/>\n\t<meta name=\"msvalidate.01\" content=\"0EB073394C3C109723DAF1A65B0F91C3\" \/>\n\t<meta name=\"yandex-verification\" content=\"95ff0eed4a90b98a\" \/>\n\t<link rel=\"canonical\" href=\"https:\/\/www1.yeahiptv.click\/tr\/iptv-bayi\/\" \/>\n\t<meta name=\"generator\" content=\"All in One SEO Pro (AIOSEO) 4.9.6.2\" \/>\n\t\t<meta property=\"og:locale\" content=\"tr_TR\" \/>\n\t\t<meta property=\"og:site_name\" content=\"Yeah IPTV - Best Premium IPTV Subscription\" \/>\n\t\t<meta property=\"og:type\" content=\"article\" \/>\n\t\t<meta property=\"og:title\" content=\"IPTV Bayi - Yeah IPTV Bayi Program\u0131\" \/>\n\t\t<meta property=\"og:description\" content=\"Para kazanman\u0131n ve Evet IPTV sat\u0131c\u0131s\u0131 olman\u0131n basit yolu.b\u00fcy\u00fck pazar f\u0131rsat\u0131! Kendi IPTV i\u015finizi bug\u00fcn ba\u015flat\u0131n ve potansiyel olarak ayda 10.000 \u20ac &#039;dan fazla kazan\u0131n.\" \/>\n\t\t<meta property=\"og:url\" content=\"https:\/\/www1.yeahiptv.click\/tr\/iptv-bayi\/\" \/>\n\t\t<meta property=\"og:image\" content=\"https:\/\/ww1w.yeahiptv.click\/wp-content\/uploads\/2024\/12\/yeahiptv1-1.png\" \/>\n\t\t<meta property=\"og:image:secure_url\" content=\"https:\/\/ww1w.yeahiptv.click\/wp-content\/uploads\/2024\/12\/yeahiptv1-1.png\" \/>\n\t\t<meta property=\"article:published_time\" content=\"2021-12-13T05:24:19+00:00\" \/>\n\t\t<meta property=\"article:modified_time\" content=\"2025-03-03T22:45:12+00:00\" \/>\n\t\t<meta name=\"twitter:card\" content=\"summary_large_image\" \/>\n\t\t<meta name=\"twitter:title\" content=\"IPTV Bayi - Yeah IPTV Bayi Program\u0131\" \/>\n\t\t<meta name=\"twitter:description\" content=\"Para kazanman\u0131n ve Evet IPTV sat\u0131c\u0131s\u0131 olman\u0131n basit yolu.b\u00fcy\u00fck pazar f\u0131rsat\u0131! Kendi IPTV i\u015finizi bug\u00fcn ba\u015flat\u0131n ve potansiyel olarak ayda 10.000 \u20ac &#039;dan fazla kazan\u0131n.\" \/>\n\t\t<meta name=\"twitter:image\" content=\"https:\/\/ww1w.yeahiptv.click\/wp-content\/uploads\/2024\/12\/yeah-iptv.png\" \/>\n\t\t<script type=\"application\/ld+json\" class=\"aioseo-schema\">\n\t\t\t{\"@context\":\"https:\\\/\\\/schema.org\",\"@graph\":[{\"@type\":\"BreadcrumbList\",\"@id\":\"https:\\\/\\\/www1.yeahiptv.click\\\/tr\\\/iptv-bayi\\\/#breadcrumblist\",\"itemListElement\":[{\"@type\":\"ListItem\",\"@id\":\"https:\\\/\\\/www1.yeahiptv.click\\\/tr\\\/#listItem\",\"position\":1,\"name\":\"Home\",\"item\":\"https:\\\/\\\/www1.yeahiptv.click\\\/tr\\\/\",\"nextItem\":{\"@type\":\"ListItem\",\"@id\":\"https:\\\/\\\/www1.yeahiptv.click\\\/tr\\\/iptv-bayi\\\/#listItem\",\"name\":\"IPTV Bayi\"}},{\"@type\":\"ListItem\",\"@id\":\"https:\\\/\\\/www1.yeahiptv.click\\\/tr\\\/iptv-bayi\\\/#listItem\",\"position\":2,\"name\":\"IPTV Bayi\",\"previousItem\":{\"@type\":\"ListItem\",\"@id\":\"https:\\\/\\\/www1.yeahiptv.click\\\/tr\\\/#listItem\",\"name\":\"Home\"}}]},{\"@type\":\"Product\",\"@id\":\"https:\\\/\\\/www1.yeahiptv.click\\\/tr\\\/iptv-bayi\\\/#product\",\"name\":\"IPTV Bayi\",\"url\":\"https:\\\/\\\/www1.yeahiptv.click\\\/tr\\\/iptv-bayi\\\/\"},{\"@type\":\"WebPage\",\"@id\":\"https:\\\/\\\/www1.yeahiptv.click\\\/tr\\\/iptv-bayi\\\/#webpage\",\"url\":\"https:\\\/\\\/www1.yeahiptv.click\\\/tr\\\/iptv-bayi\\\/\",\"name\":\"IPTV Bayi - Yeah IPTV Bayi Program\\u0131\",\"description\":\"Para kazanman\\u0131n ve Evet IPTV sat\\u0131c\\u0131s\\u0131 olman\\u0131n basit yolu.b\\u00fcy\\u00fck pazar f\\u0131rsat\\u0131! Kendi IPTV i\\u015finizi bug\\u00fcn ba\\u015flat\\u0131n ve potansiyel olarak ayda 10.000 \\u20ac 'dan fazla kazan\\u0131n.\",\"inLanguage\":\"tr-TR\",\"isPartOf\":{\"@id\":\"https:\\\/\\\/www1.yeahiptv.click\\\/tr\\\/#website\"},\"breadcrumb\":{\"@id\":\"https:\\\/\\\/www1.yeahiptv.click\\\/tr\\\/iptv-bayi\\\/#breadcrumblist\"},\"datePublished\":\"2021-12-13T05:24:19+00:00\",\"dateModified\":\"2025-03-03T22:45:12+00:00\"},{\"@type\":\"WebSite\",\"@id\":\"https:\\\/\\\/www1.yeahiptv.click\\\/tr\\\/#website\",\"url\":\"https:\\\/\\\/www1.yeahiptv.click\\\/tr\\\/\",\"name\":\"Best Premium IPTV Subscription\",\"description\":\"Best Premium IPTV Subscription\",\"inLanguage\":\"tr-TR\",\"publisher\":{\"@id\":\"https:\\\/\\\/www1.yeahiptv.click\\\/tr\\\/#person\"}}]}\n\t\t<\/script>\n\t\t<!-- All in One SEO Pro -->\r\n\t\t<title>IPTV Bayi - Yeah IPTV Bayi Program\u0131<\/title>\n\n","aioseo_head_json":{"title":"IPTV Bayi - Yeah IPTV Bayi Program\u0131","description":"Para kazanman\u0131n ve Evet IPTV sat\u0131c\u0131s\u0131 olman\u0131n basit yolu.b\u00fcy\u00fck pazar f\u0131rsat\u0131! Kendi IPTV i\u015finizi bug\u00fcn ba\u015flat\u0131n ve potansiyel olarak ayda 10.000 \u20ac 'dan fazla kazan\u0131n.","canonical_url":"https:\/\/www1.yeahiptv.click\/tr\/iptv-bayi\/","robots":"max-image-preview:large","keywords":"","webmasterTools":{"google-site-verification":"Y5Vp4qMoq3XCnv5XC77HxuNH2GgkGiPMLo9CI1PrsXY","msvalidate.01":"0EB073394C3C109723DAF1A65B0F91C3","yandex-verification":"95ff0eed4a90b98a","miscellaneous":""},"schema":{"@context":"https:\/\/schema.org","@graph":[{"@type":"BreadcrumbList","@id":"https:\/\/www1.yeahiptv.click\/tr\/iptv-bayi\/#breadcrumblist","itemListElement":[{"@type":"ListItem","@id":"https:\/\/www1.yeahiptv.click\/tr\/#listItem","position":1,"name":"Home","item":"https:\/\/www1.yeahiptv.click\/tr\/","nextItem":{"@type":"ListItem","@id":"https:\/\/www1.yeahiptv.click\/tr\/iptv-bayi\/#listItem","name":"IPTV Bayi"}},{"@type":"ListItem","@id":"https:\/\/www1.yeahiptv.click\/tr\/iptv-bayi\/#listItem","position":2,"name":"IPTV Bayi","previousItem":{"@type":"ListItem","@id":"https:\/\/www1.yeahiptv.click\/tr\/#listItem","name":"Home"}}]},{"@type":"Product","@id":"https:\/\/www1.yeahiptv.click\/tr\/iptv-bayi\/#product","name":"IPTV Bayi","url":"https:\/\/www1.yeahiptv.click\/tr\/iptv-bayi\/"},{"@type":"WebPage","@id":"https:\/\/www1.yeahiptv.click\/tr\/iptv-bayi\/#webpage","url":"https:\/\/www1.yeahiptv.click\/tr\/iptv-bayi\/","name":"IPTV Bayi - Yeah IPTV Bayi Program\u0131","description":"Para kazanman\u0131n ve Evet IPTV sat\u0131c\u0131s\u0131 olman\u0131n basit yolu.b\u00fcy\u00fck pazar f\u0131rsat\u0131! Kendi IPTV i\u015finizi bug\u00fcn ba\u015flat\u0131n ve potansiyel olarak ayda 10.000 \u20ac 'dan fazla kazan\u0131n.","inLanguage":"tr-TR","isPartOf":{"@id":"https:\/\/www1.yeahiptv.click\/tr\/#website"},"breadcrumb":{"@id":"https:\/\/www1.yeahiptv.click\/tr\/iptv-bayi\/#breadcrumblist"},"datePublished":"2021-12-13T05:24:19+00:00","dateModified":"2025-03-03T22:45:12+00:00"},{"@type":"WebSite","@id":"https:\/\/www1.yeahiptv.click\/tr\/#website","url":"https:\/\/www1.yeahiptv.click\/tr\/","name":"Best Premium IPTV Subscription","description":"Best Premium IPTV Subscription","inLanguage":"tr-TR","publisher":{"@id":"https:\/\/www1.yeahiptv.click\/tr\/#person"}}]},"og:locale":"tr_TR","og:site_name":"Yeah IPTV - Best Premium IPTV Subscription","og:type":"article","og:title":"IPTV Bayi - Yeah IPTV Bayi Program\u0131","og:description":"Para kazanman\u0131n ve Evet IPTV sat\u0131c\u0131s\u0131 olman\u0131n basit yolu.b\u00fcy\u00fck pazar f\u0131rsat\u0131! Kendi IPTV i\u015finizi bug\u00fcn ba\u015flat\u0131n ve potansiyel olarak ayda 10.000 \u20ac 'dan fazla kazan\u0131n.","og:url":"https:\/\/www1.yeahiptv.click\/tr\/iptv-bayi\/","og:image":"https:\/\/ww1w.yeahiptv.click\/wp-content\/uploads\/2024\/12\/yeahiptv1-1.png","og:image:secure_url":"https:\/\/ww1w.yeahiptv.click\/wp-content\/uploads\/2024\/12\/yeahiptv1-1.png","article:published_time":"2021-12-13T05:24:19+00:00","article:modified_time":"2025-03-03T22:45:12+00:00","twitter:card":"summary_large_image","twitter:title":"IPTV Bayi - Yeah IPTV Bayi Program\u0131","twitter:description":"Para kazanman\u0131n ve Evet IPTV sat\u0131c\u0131s\u0131 olman\u0131n basit yolu.b\u00fcy\u00fck pazar f\u0131rsat\u0131! Kendi IPTV i\u015finizi bug\u00fcn ba\u015flat\u0131n ve potansiyel olarak ayda 10.000 \u20ac 'dan fazla kazan\u0131n.","twitter:image":"https:\/\/ww1w.yeahiptv.click\/wp-content\/uploads\/2024\/12\/yeah-iptv.png"},"aioseo_meta_data":{"post_id":"2221","title":"#post_title #separator_sa #site_title Bayi Program\u0131","description":"Para kazanman\u0131n ve Evet IPTV sat\u0131c\u0131s\u0131 olman\u0131n basit yolu.b\u00fcy\u00fck pazar f\u0131rsat\u0131!\nKendi IPTV i\u015finizi bug\u00fcn ba\u015flat\u0131n ve potansiyel olarak ayda 10.000 \u20ac 'dan fazla kazan\u0131n. ","keywords":null,"keyphrases":{"focus":{"keyphrase":"","score":0,"analysis":{"keyphraseInTitle":{"score":0,"maxScore":9,"error":1}}},"additional":[]},"primary_term":null,"canonical_url":null,"og_title":null,"og_description":null,"og_object_type":"default","og_image_type":"default","og_image_url":null,"og_image_width":null,"og_image_height":null,"og_image_custom_url":null,"og_image_custom_fields":null,"og_video":"","og_custom_url":null,"og_article_section":null,"og_article_tags":null,"twitter_use_og":false,"twitter_card":"default","twitter_image_type":"default","twitter_image_url":null,"twitter_image_custom_url":null,"twitter_image_custom_fields":null,"twitter_title":null,"twitter_description":null,"schema":{"blockGraphs":[],"customGraphs":[],"default":{"data":{"Article":[],"Course":[],"Dataset":[],"FAQPage":[],"Movie":[],"Person":[],"Product":[],"ProductReview":[],"Car":[],"Recipe":[],"Service":[],"SoftwareApplication":[],"WebPage":[]},"graphName":"WebPage","isEnabled":true},"graphs":[]},"schema_type":"default","schema_type_options":null,"pillar_content":false,"robots_default":true,"robots_noindex":false,"robots_noarchive":false,"robots_nosnippet":false,"robots_nofollow":false,"robots_noimageindex":false,"robots_noodp":false,"robots_notranslate":false,"robots_max_snippet":"-1","robots_max_videopreview":"-1","robots_max_imagepreview":"large","priority":null,"frequency":"default","local_seo":null,"seo_analyzer_scan_date":"2025-10-08 21:24:14","breadcrumb_settings":null,"limit_modified_date":false,"reviewed_by":null,"open_ai":"{\"title\":{\"suggestions\":[],\"usage\":0},\"description\":{\"suggestions\":[],\"usage\":0}}","ai":null,"created":"2024-09-17 12:23:30","updated":"2025-10-08 21:24:14"},"aioseo_breadcrumb":"<div class=\"aioseo-breadcrumbs\"><span class=\"aioseo-breadcrumb\">\n\t<a href=\"https:\/\/www1.yeahiptv.click\/tr\/\" title=\"Home\">Home<\/a>\n<\/span><span class=\"aioseo-breadcrumb-separator\">&raquo;<\/span><span class=\"aioseo-breadcrumb\">\n\tIPTV Bayi\n<\/span><\/div>","aioseo_breadcrumb_json":[{"label":"Home","link":"https:\/\/www1.yeahiptv.click\/tr\/"},{"label":"IPTV Bayi","link":"https:\/\/www1.yeahiptv.click\/tr\/iptv-bayi\/"}],"_links":{"self":[{"href":"https:\/\/www1.yeahiptv.click\/tr\/wp-json\/wp\/v2\/pages\/2221","targetHints":{"allow":["GET"]}}],"collection":[{"href":"https:\/\/www1.yeahiptv.click\/tr\/wp-json\/wp\/v2\/pages"}],"about":[{"href":"https:\/\/www1.yeahiptv.click\/tr\/wp-json\/wp\/v2\/types\/page"}],"author":[{"embeddable":true,"href":"https:\/\/www1.yeahiptv.click\/tr\/wp-json\/wp\/v2\/users\/1"}],"replies":[{"embeddable":true,"href":"https:\/\/www1.yeahiptv.click\/tr\/wp-json\/wp\/v2\/comments?post=2221"}],"version-history":[{"count":4,"href":"https:\/\/www1.yeahiptv.click\/tr\/wp-json\/wp\/v2\/pages\/2221\/revisions"}],"predecessor-version":[{"id":5024,"href":"https:\/\/www1.yeahiptv.click\/tr\/wp-json\/wp\/v2\/pages\/2221\/revisions\/5024"}],"wp:attachment":[{"href":"https:\/\/www1.yeahiptv.click\/tr\/wp-json\/wp\/v2\/media?parent=2221"}],"curies":[{"name":"wp","href":"https:\/\/api.w.org\/{rel}","templated":true}]}}